{"id":1481,"date":"2022-01-28T09:09:12","date_gmt":"2022-01-28T09:09:12","guid":{"rendered":"https:\/\/iacma.com\/?page_id=1481"},"modified":"2024-01-17T14:18:05","modified_gmt":"2024-01-17T14:18:05","slug":"eventi-europa-2022","status":"publish","type":"page","link":"https:\/\/iacma.com\/index.php\/eventi-europa-2022\/","title":{"rendered":"eventi Chan Taiji Union"},"content":{"rendered":"<div id='full_slider_1'  class='avia-fullwidth-slider main_color avia-shadow   avia-builder-el-0  el_before_av_section  avia-builder-el-first   container_wrap fullsize' style=' '  ><div   data-size='featured'  data-lightbox_size='large'  data-animation='slide'  data-conditional_play=''  data-ids='1482'  data-video_counter='0'  data-autoplay='false'  data-bg_slider='false'  data-slide_height=''  data-handle='av_slideshow_full'  data-interval='5'  data-class=' '  data-el_id=''  data-css_id=''  data-scroll_down=''  data-control_layout='av-control-default'  data-custom_markup=''  data-perma_caption=''  data-autoplay_stopper=''  data-image_attachment=''  data-min_height='0px'  data-lazy_loading='disabled'  data-src=''  data-position='top left'  data-repeat='no-repeat'  data-attach='scroll'  data-stretch=''  data-default-height='28.666666666667'  class='avia-slideshow avia-slideshow-1  av-control-default av-default-height-applied avia-slideshow-featured av_slideshow_full   avia-slide-slider '  itemprop=\"image\" itemscope=\"itemscope\" itemtype=\"https:\/\/schema.org\/ImageObject\" ><ul class='avia-slideshow-inner ' style='padding-bottom: 28.666666666667%;' ><li  class=' av-single-slide slide-1 ' ><div data-rel='slideshow-1' class='avia-slide-wrap '   ><img decoding=\"async\" class=\"wp-image-1482 avia-img-lazy-loading-not-1482\"  src=\"https:\/\/iacma.com\/wp-content\/uploads\/2022\/01\/buddha-1-1500x430.jpg\" width=\"1500\" height=\"430\" title='buddha-1' alt=''  itemprop=\"thumbnailUrl\" srcset=\"https:\/\/iacma.com\/wp-content\/uploads\/2022\/01\/buddha-1.jpg 1500w, https:\/\/iacma.com\/wp-content\/uploads\/2022\/01\/buddha-1-300x86.jpg 300w, https:\/\/iacma.com\/wp-content\/uploads\/2022\/01\/buddha-1-1030x295.jpg 1030w, https:\/\/iacma.com\/wp-content\/uploads\/2022\/01\/buddha-1-768x220.jpg 768w, https:\/\/iacma.com\/wp-content\/uploads\/2022\/01\/buddha-1-705x202.jpg 705w\" sizes=\"(max-width: 1500px) 100vw, 1500px\" \/><\/div><\/li><\/ul><\/div><\/div>\n<div id='av_section_1'  class='avia-section main_color avia-section-default avia-no-border-styling  avia-bg-style-scroll  avia-builder-el-1  el_after_av_slideshow_full  el_before_av_section   container_wrap fullsize' style=' '  ><div class='container' ><div class='template-page content  av-content-full alpha units'><div class='post-entry post-entry-type-page post-entry-1481'><div class='entry-content-wrapper clearfix'>\n<div  style='padding-bottom:10px; ' class='av-special-heading av-special-heading-h1  blockquote modern-quote modern-centered  avia-builder-el-2  el_before_av_textblock  avia-builder-el-first  '><h1 class='av-special-heading-tag '  itemprop=\"headline\"  >Calendario eventi Chan Taiji Union <\/h1><div class='special-heading-border'><div class='special-heading-inner-border' ><\/div><\/div><\/div>\n<section class=\"av_textblock_section \"  itemscope=\"itemscope\" itemtype=\"https:\/\/schema.org\/CreativeWork\" ><div class='avia_textblock  '   itemprop=\"text\" ><p>Un grande anno a tutti e un grande grazie per la tua fedelt\u00e0 e supporto costante!<\/p>\n<blockquote>\n<p>&#8220;Ognuno di noi desidera un mondo migliore, pi\u00f9 fraterno, pi\u00f9 giusto? Possiamo iniziare a farlo? Chi e cosa pu\u00f2 fermarci? Iniziamo da noi stessi e poi intorno a noi, con chi lo desidera. Iniziamo dal piccolo e crescer\u00e0&#8221;<\/p>\n<\/blockquote>\n<p style=\"text-align: right;\">Carl Gustav Jung<\/p>\n<p>La stagione 2023 vedr\u00e0 il tanto atteso ritorno in Europa del Maestro Wang Zhixiang!<\/p>\n<p>Qui di seguito potete trovare gli appuntamenti relativi al programma formativo della Chan Taiji Union per iniziare a programmare la vostra presenza!<\/p>\n<\/div><\/section>\n<\/div><\/div><\/div><!-- close content main div --><\/div><\/div><div id='av_section_2'  class='avia-section main_color avia-section-default avia-no-border-styling  avia-bg-style-scroll  avia-builder-el-4  el_after_av_section  el_before_av_one_full   container_wrap fullsize' style=' '  ><div class='container' ><div class='template-page content  av-content-full alpha units'><div class='post-entry post-entry-type-page post-entry-1481'><div class='entry-content-wrapper clearfix'>\n<section class=\"av_textblock_section \"  itemscope=\"itemscope\" itemtype=\"https:\/\/schema.org\/CreativeWork\" ><div class='avia_textblock  '   itemprop=\"text\" ><p><iframe loading=\"lazy\" style=\"border: 0;\" src=\"https:\/\/calendar.google.com\/calendar\/embed?src=m51jf1jkbju7e3q3a18al2fcsg%40group.calendar.google.com&#038;ctz=Europe%2FRome\" width=\"800\" height=\"600\" frameborder=\"0\" scrolling=\"no\"><\/iframe><\/p>\n<\/div><\/section>\n<\/div><\/div><\/div><!-- close content main div --><\/div><\/div><div id='after_section_2'  class='main_color av_default_container_wrap container_wrap fullsize' style=' '  ><div class='container' ><div class='template-page content  av-content-full alpha units'><div class='post-entry post-entry-type-page post-entry-1481'><div class='entry-content-wrapper clearfix'><\/p>\n<div class=\"flex_column av_one_full  flex_column_div av-zero-column-padding first  avia-builder-el-6  el_after_av_section  avia-builder-el-no-sibling  \" style='border-radius:0px; '><div  style='padding-bottom:10px; color:#75464a;' class='av-special-heading av-special-heading-h2 custom-color-heading   avia-builder-el-7  avia-builder-el-no-sibling  av-linked-heading '><h2 class='av-special-heading-tag '  itemprop=\"headline\"  ><a href=\"https:\/\/iacma.com\/index.php\/workshop-in-presenza-2023\/\">CLICCA QUI PER AVERE TUTTE LE INFORMAZIONI DISPONIBILI SUI PROSSIMI STAGE<\/a><\/h2><div class='special-heading-border'><div class='special-heading-inner-border' style='border-color:#75464a'><\/div><\/div><\/div><\/div>\n","protected":false},"excerpt":{"rendered":"","protected":false},"author":1,"featured_media":0,"parent":0,"menu_order":0,"comment_status":"closed","ping_status":"closed","template":"","meta":{"_monsterinsights_skip_tracking":false,"_monsterinsights_sitenote_active":false,"_monsterinsights_sitenote_note":"","_monsterinsights_sitenote_category":0,"footnotes":""},"class_list":["post-1481","page","type-page","status-publish","hentry"],"yoast_head":"<!-- This site is optimized with the Yoast SEO plugin v27.3 - https:\/\/yoast.com\/product\/yoast-seo-wordpress\/ -->\n<title>eventi Chan Taiji Union - Arti Marziali Cinesi in Ticino<\/title>\n<meta name=\"robots\" content=\"index, follow, max-snippet:-1, max-image-preview:large, max-video-preview:-1\" \/>\n<link rel=\"canonical\" href=\"https:\/\/iacma.com\/index.php\/eventi-europa-2022\/\" \/>\n<meta property=\"og:locale\" content=\"it_IT\" \/>\n<meta property=\"og:type\" content=\"article\" \/>\n<meta property=\"og:title\" content=\"eventi Chan Taiji Union - Arti Marziali Cinesi in Ticino\" \/>\n<meta property=\"og:url\" content=\"https:\/\/iacma.com\/index.php\/eventi-europa-2022\/\" \/>\n<meta property=\"og:site_name\" content=\"Arti Marziali Cinesi in Ticino\" \/>\n<meta property=\"article:modified_time\" content=\"2024-01-17T14:18:05+00:00\" \/>\n<meta name=\"twitter:card\" content=\"summary_large_image\" \/>\n<meta name=\"twitter:label1\" content=\"Tempo di lettura stimato\" \/>\n\t<meta name=\"twitter:data1\" content=\"3 minuti\" \/>\n<script type=\"application\/ld+json\" class=\"yoast-schema-graph\">{\"@context\":\"https:\\\/\\\/schema.org\",\"@graph\":[{\"@type\":\"WebPage\",\"@id\":\"https:\\\/\\\/iacma.com\\\/index.php\\\/eventi-europa-2022\\\/\",\"url\":\"https:\\\/\\\/iacma.com\\\/index.php\\\/eventi-europa-2022\\\/\",\"name\":\"eventi Chan Taiji Union - Arti Marziali Cinesi in Ticino\",\"isPartOf\":{\"@id\":\"https:\\\/\\\/iacma.com\\\/#website\"},\"datePublished\":\"2022-01-28T09:09:12+00:00\",\"dateModified\":\"2024-01-17T14:18:05+00:00\",\"breadcrumb\":{\"@id\":\"https:\\\/\\\/iacma.com\\\/index.php\\\/eventi-europa-2022\\\/#breadcrumb\"},\"inLanguage\":\"it-IT\",\"potentialAction\":[{\"@type\":\"ReadAction\",\"target\":[\"https:\\\/\\\/iacma.com\\\/index.php\\\/eventi-europa-2022\\\/\"]}]},{\"@type\":\"BreadcrumbList\",\"@id\":\"https:\\\/\\\/iacma.com\\\/index.php\\\/eventi-europa-2022\\\/#breadcrumb\",\"itemListElement\":[{\"@type\":\"ListItem\",\"position\":1,\"name\":\"Home\",\"item\":\"https:\\\/\\\/iacma.com\\\/\"},{\"@type\":\"ListItem\",\"position\":2,\"name\":\"eventi Chan Taiji Union\"}]},{\"@type\":\"WebSite\",\"@id\":\"https:\\\/\\\/iacma.com\\\/#website\",\"url\":\"https:\\\/\\\/iacma.com\\\/\",\"name\":\"Arti Marziali Cinesi in Ticino\",\"description\":\"Arti Marziali Cinesi in Ticino\",\"potentialAction\":[{\"@type\":\"SearchAction\",\"target\":{\"@type\":\"EntryPoint\",\"urlTemplate\":\"https:\\\/\\\/iacma.com\\\/?s={search_term_string}\"},\"query-input\":{\"@type\":\"PropertyValueSpecification\",\"valueRequired\":true,\"valueName\":\"search_term_string\"}}],\"inLanguage\":\"it-IT\"}]}<\/script>\n<!-- \/ Yoast SEO plugin. -->","yoast_head_json":{"title":"eventi Chan Taiji Union - Arti Marziali Cinesi in Ticino","robots":{"index":"index","follow":"follow","max-snippet":"max-snippet:-1","max-image-preview":"max-image-preview:large","max-video-preview":"max-video-preview:-1"},"canonical":"https:\/\/iacma.com\/index.php\/eventi-europa-2022\/","og_locale":"it_IT","og_type":"article","og_title":"eventi Chan Taiji Union - Arti Marziali Cinesi in Ticino","og_url":"https:\/\/iacma.com\/index.php\/eventi-europa-2022\/","og_site_name":"Arti Marziali Cinesi in Ticino","article_modified_time":"2024-01-17T14:18:05+00:00","twitter_card":"summary_large_image","twitter_misc":{"Tempo di lettura stimato":"3 minuti"},"schema":{"@context":"https:\/\/schema.org","@graph":[{"@type":"WebPage","@id":"https:\/\/iacma.com\/index.php\/eventi-europa-2022\/","url":"https:\/\/iacma.com\/index.php\/eventi-europa-2022\/","name":"eventi Chan Taiji Union - Arti Marziali Cinesi in Ticino","isPartOf":{"@id":"https:\/\/iacma.com\/#website"},"datePublished":"2022-01-28T09:09:12+00:00","dateModified":"2024-01-17T14:18:05+00:00","breadcrumb":{"@id":"https:\/\/iacma.com\/index.php\/eventi-europa-2022\/#breadcrumb"},"inLanguage":"it-IT","potentialAction":[{"@type":"ReadAction","target":["https:\/\/iacma.com\/index.php\/eventi-europa-2022\/"]}]},{"@type":"BreadcrumbList","@id":"https:\/\/iacma.com\/index.php\/eventi-europa-2022\/#breadcrumb","itemListElement":[{"@type":"ListItem","position":1,"name":"Home","item":"https:\/\/iacma.com\/"},{"@type":"ListItem","position":2,"name":"eventi Chan Taiji Union"}]},{"@type":"WebSite","@id":"https:\/\/iacma.com\/#website","url":"https:\/\/iacma.com\/","name":"Arti Marziali Cinesi in Ticino","description":"Arti Marziali Cinesi in Ticino","potentialAction":[{"@type":"SearchAction","target":{"@type":"EntryPoint","urlTemplate":"https:\/\/iacma.com\/?s={search_term_string}"},"query-input":{"@type":"PropertyValueSpecification","valueRequired":true,"valueName":"search_term_string"}}],"inLanguage":"it-IT"}]}},"_links":{"self":[{"href":"https:\/\/iacma.com\/index.php\/wp-json\/wp\/v2\/pages\/1481","targetHints":{"allow":["GET"]}}],"collection":[{"href":"https:\/\/iacma.com\/index.php\/wp-json\/wp\/v2\/pages"}],"about":[{"href":"https:\/\/iacma.com\/index.php\/wp-json\/wp\/v2\/types\/page"}],"author":[{"embeddable":true,"href":"https:\/\/iacma.com\/index.php\/wp-json\/wp\/v2\/users\/1"}],"replies":[{"embeddable":true,"href":"https:\/\/iacma.com\/index.php\/wp-json\/wp\/v2\/comments?post=1481"}],"version-history":[{"count":15,"href":"https:\/\/iacma.com\/index.php\/wp-json\/wp\/v2\/pages\/1481\/revisions"}],"predecessor-version":[{"id":1842,"href":"https:\/\/iacma.com\/index.php\/wp-json\/wp\/v2\/pages\/1481\/revisions\/1842"}],"wp:attachment":[{"href":"https:\/\/iacma.com\/index.php\/wp-json\/wp\/v2\/media?parent=1481"}],"curies":[{"name":"wp","href":"https:\/\/api.w.org\/{rel}","templated":true}]}}