{"id":646,"date":"2021-01-25T14:55:56","date_gmt":"2021-01-25T14:55:56","guid":{"rendered":"https:\/\/iacma.com\/?page_id=646"},"modified":"2021-04-05T15:29:21","modified_gmt":"2021-04-05T15:29:21","slug":"coltiva-il-benessere","status":"publish","type":"page","link":"https:\/\/iacma.com\/index.php\/coltiva-il-benessere\/","title":{"rendered":"coltiva il benessere"},"content":{"rendered":"<div id='full_slider_1'  class='avia-fullwidth-slider main_color avia-shadow   avia-builder-el-0  el_before_av_section  avia-builder-el-first   container_wrap fullsize' style=' '  ><div   data-size='featured'  data-lightbox_size='large'  data-animation='slide'  data-conditional_play=''  data-ids='502'  data-video_counter='0'  data-autoplay='false'  data-bg_slider='false'  data-slide_height=''  data-handle='av_slideshow_full'  data-interval='5'  data-class=' '  data-el_id=''  data-css_id=''  data-scroll_down=''  data-control_layout='av-control-default'  data-custom_markup=''  data-perma_caption=''  data-autoplay_stopper=''  data-image_attachment=''  data-min_height='0px'  data-lazy_loading='disabled'  data-src=''  data-position='top left'  data-repeat='no-repeat'  data-attach='scroll'  data-stretch=''  data-default-height='28.666666666667'  class='avia-slideshow avia-slideshow-1  av-control-default av-default-height-applied avia-slideshow-featured av_slideshow_full   avia-slide-slider '  itemprop=\"image\" itemscope=\"itemscope\" itemtype=\"https:\/\/schema.org\/ImageObject\" ><ul class='avia-slideshow-inner ' style='padding-bottom: 28.666666666667%;' ><li  class=' av-single-slide slide-1 ' ><div data-rel='slideshow-1' class='avia-slide-wrap '   ><img decoding=\"async\" class=\"wp-image-502 avia-img-lazy-loading-not-502\"  src=\"https:\/\/iacma.com\/wp-content\/uploads\/2021\/01\/Wang-Li-Pira-Tuishou-1500x430.jpg\" width=\"1500\" height=\"430\" title='Wang Li Pira Tuishou' alt=''  itemprop=\"thumbnailUrl\"   \/><\/div><\/li><\/ul><\/div><\/div>\n<div id='av_section_1'  class='avia-section main_color avia-section-default avia-no-border-styling  avia-bg-style-scroll  avia-builder-el-1  el_after_av_slideshow_full  el_before_av_section   container_wrap fullsize' style=' '  ><div class='container' ><div class='template-page content  av-content-full alpha units'><div class='post-entry post-entry-type-page post-entry-646'><div class='entry-content-wrapper clearfix'>\n<div  style='padding-bottom:10px; ' class='av-special-heading av-special-heading-h1  blockquote modern-quote modern-centered  avia-builder-el-2  avia-builder-el-no-sibling  '><h1 class='av-special-heading-tag '  itemprop=\"headline\"  >Coltiva il benessere<\/h1><div class='special-heading-border'><div class='special-heading-inner-border' ><\/div><\/div><\/div>\n\n<\/div><\/div><\/div><!-- close content main div --><\/div><\/div><div id='av_section_2'  class='avia-section main_color avia-section-default avia-no-border-styling  avia-bg-style-scroll  avia-builder-el-3  el_after_av_section  el_before_av_section   container_wrap fullsize' style=' '  ><div class='container' ><div class='template-page content  av-content-full alpha units'><div class='post-entry post-entry-type-page post-entry-646'><div class='entry-content-wrapper clearfix'>\n<div class=\"flex_column av_two_third  flex_column_div av-zero-column-padding first  avia-builder-el-4  el_before_av_one_third  avia-builder-el-first  \" style='border-radius:0px; '><p><div  style='padding-bottom:10px; color:#75464a;' class='av-special-heading av-special-heading-h3 custom-color-heading   avia-builder-el-5  el_before_av_textblock  avia-builder-el-first  '><h3 class='av-special-heading-tag '  itemprop=\"headline\"  >Taijiquan (Tai Chi Chuan)<\/h3><div class='special-heading-border'><div class='special-heading-inner-border' style='border-color:#75464a'><\/div><\/div><\/div><br \/>\n<section class=\"av_textblock_section \"  itemscope=\"itemscope\" itemtype=\"https:\/\/schema.org\/CreativeWork\" ><div class='avia_textblock  '   itemprop=\"text\" ><p><strong>Arte dello spirito primordiale<\/strong><\/p>\n<p>Specialit\u00e0 della nostra scuola \u00e8 quella di diffondere il Taijiquan della \u201cforma dell&#8217;acqua\u201d. Una identit\u00e0 qualitativa del Taijiquan che integra la cultura dell\u2019arte, all\u2019educazione del benessere alla disciplina difensiva e cos\u00ec costruire le basi per uno studio profondo e straordinario. \u00c8 solo cos\u00ec che sar\u00e0 possibile l\u2019incontro con la pratica ortodossa del Taijiquan ed accedere all\u2019acquisizione del pieno controllo di tutto ci\u00f2 che da un semplice gesto diviene forma con il tutto.<\/p>\n<\/div><\/section><\/p><\/div><div class=\"flex_column av_one_third  flex_column_div av-zero-column-padding   avia-builder-el-7  el_after_av_two_third  avia-builder-el-last  \" style='border-radius:0px; '><div  class='avia-image-container  av-styling-    avia-builder-el-8  avia-builder-el-no-sibling  avia-align-center '  itemprop=\"image\" itemscope=\"itemscope\" itemtype=\"https:\/\/schema.org\/ImageObject\"  ><div class='avia-image-container-inner'><div class='avia-image-overlay-wrap'><img decoding=\"async\" class='wp-image-651 avia-img-lazy-loading-not-651 avia_image' src=\"https:\/\/iacma.com\/wp-content\/uploads\/2021\/01\/Taiji-Li-Pira-214x300.jpg\" alt='' title='Taiji Li Pira' height=\"300\" width=\"214\"  itemprop=\"thumbnailUrl\" srcset=\"https:\/\/iacma.com\/wp-content\/uploads\/2021\/01\/Taiji-Li-Pira-214x300.jpg 214w, https:\/\/iacma.com\/wp-content\/uploads\/2021\/01\/Taiji-Li-Pira.jpg 500w\" sizes=\"(max-width: 214px) 100vw, 214px\" \/><\/div><\/div><\/div><\/div>\n\n<\/div><\/div><\/div><!-- close content main div --><\/div><\/div><div id='av_section_3'  class='avia-section main_color avia-section-default avia-no-border-styling  avia-bg-style-scroll  avia-builder-el-9  el_after_av_section  el_before_av_section   container_wrap fullsize' style='background-color: #ededed;  '  ><div class='container' ><div class='template-page content  av-content-full alpha units'><div class='post-entry post-entry-type-page post-entry-646'><div class='entry-content-wrapper clearfix'>\n<div class=\"flex_column av_two_third  flex_column_div av-zero-column-padding first  avia-builder-el-10  el_before_av_one_third  avia-builder-el-first  \" style='border-radius:0px; '><p><div  style='padding-bottom:10px; color:#75464a;' class='av-special-heading av-special-heading-h3 custom-color-heading   avia-builder-el-11  el_before_av_textblock  avia-builder-el-first  '><h3 class='av-special-heading-tag '  itemprop=\"headline\"  >Qigong (Chi Kung)<\/h3><div class='special-heading-border'><div class='special-heading-inner-border' style='border-color:#75464a'><\/div><\/div><\/div><br \/>\n<section class=\"av_textblock_section \"  itemscope=\"itemscope\" itemtype=\"https:\/\/schema.org\/CreativeWork\" ><div class='avia_textblock  '   itemprop=\"text\" ><p><strong>Disciplina per il rafforzamento delle vitalit\u00e0 energetiche sottili<\/strong><\/p>\n<p>Alla base della nostro vivere il corpo e la sua psiche vi sono sensazioni e percezioni. Acquisire la consapevolezza di ci\u00f2 che si trasforma intorno a noi per poi divenire parte della nostra natura umana, dipende dall\u2019intento rivolto allo studio e alla pratica, affinch\u00e9 il corpo divenga strumento subordinato alla mente omnicomprensiva.<\/p>\n<\/div><\/section><\/p><\/div><div class=\"flex_column av_one_third  flex_column_div av-zero-column-padding   avia-builder-el-13  el_after_av_two_third  avia-builder-el-last  \" style='border-radius:0px; '><div  class='avia-image-container  av-styling-    avia-builder-el-14  avia-builder-el-no-sibling  avia-align-center '  itemprop=\"image\" itemscope=\"itemscope\" itemtype=\"https:\/\/schema.org\/ImageObject\"  ><div class='avia-image-container-inner'><div class='avia-image-overlay-wrap'><img decoding=\"async\" class='wp-image-654 avia-img-lazy-loading-not-654 avia_image' src=\"https:\/\/iacma.com\/wp-content\/uploads\/2021\/01\/Wang-Qigong-214x300.jpg\" alt='' title='Wang Qigong' height=\"300\" width=\"214\"  itemprop=\"thumbnailUrl\" srcset=\"https:\/\/iacma.com\/wp-content\/uploads\/2021\/01\/Wang-Qigong-214x300.jpg 214w, https:\/\/iacma.com\/wp-content\/uploads\/2021\/01\/Wang-Qigong.jpg 500w\" sizes=\"(max-width: 214px) 100vw, 214px\" \/><\/div><\/div><\/div><\/div>\n\n<\/div><\/div><\/div><!-- close content main div --><\/div><\/div><div id='av_section_4'  class='avia-section main_color avia-section-default avia-no-border-styling  avia-bg-style-scroll  avia-builder-el-15  el_after_av_section  el_before_av_section   container_wrap fullsize' style=' '  ><div class='container' ><div class='template-page content  av-content-full alpha units'><div class='post-entry post-entry-type-page post-entry-646'><div class='entry-content-wrapper clearfix'>\n<div class=\"flex_column av_two_third  flex_column_div av-zero-column-padding first  avia-builder-el-16  el_before_av_one_third  avia-builder-el-first  \" style='border-radius:0px; '><p><div  style='padding-bottom:10px; color:#75464a;' class='av-special-heading av-special-heading-h3 custom-color-heading   avia-builder-el-17  el_before_av_textblock  avia-builder-el-first  '><h3 class='av-special-heading-tag '  itemprop=\"headline\"  >Doyin<\/h3><div class='special-heading-border'><div class='special-heading-inner-border' style='border-color:#75464a'><\/div><\/div><\/div><br \/>\n<section class=\"av_textblock_section \"  itemscope=\"itemscope\" itemtype=\"https:\/\/schema.org\/CreativeWork\" ><div class='avia_textblock  '   itemprop=\"text\" ><p><strong>Disciplina Alchemica Taoista<\/strong><\/p>\n<p>Comprendere, seguire e condurre la nostra vita \u00e8 uno dei nostri doveri. Coltivare la pratica con il corpo \u00e8 l\u2019inizio di un percorso per riattivare e promuovere la circolazione dai tessuti pi\u00f9 densi a quelli pi\u00f9 sottili, dal risveglio della psiche a quello dello spirito. Sono questi i precetti alla base della disciplina alchemica Taoista.<\/p>\n<\/div><\/section><\/p><\/div><div class=\"flex_column av_one_third  flex_column_div av-zero-column-padding   avia-builder-el-19  el_after_av_two_third  avia-builder-el-last  \" style='border-radius:0px; '><div  class='avia-image-container  av-styling-    avia-builder-el-20  avia-builder-el-no-sibling  avia-align-center '  itemprop=\"image\" itemscope=\"itemscope\" itemtype=\"https:\/\/schema.org\/ImageObject\"  ><div class='avia-image-container-inner'><div class='avia-image-overlay-wrap'><img decoding=\"async\" class='wp-image-1212 avia-img-lazy-loading-not-1212 avia_image' src=\"https:\/\/iacma.com\/wp-content\/uploads\/2021\/04\/doyn-2-214x300.jpg\" alt='' title='doyn 2' height=\"300\" width=\"214\"  itemprop=\"thumbnailUrl\" srcset=\"https:\/\/iacma.com\/wp-content\/uploads\/2021\/04\/doyn-2-214x300.jpg 214w, https:\/\/iacma.com\/wp-content\/uploads\/2021\/04\/doyn-2.jpg 500w\" sizes=\"(max-width: 214px) 100vw, 214px\" \/><\/div><\/div><\/div><\/div><\/div><\/div><\/div><!-- close content main div --><\/div><\/div><div id='av_section_5'  class='avia-section main_color avia-section-default avia-no-border-styling  avia-bg-style-scroll  avia-builder-el-21  el_after_av_section  avia-builder-el-last   container_wrap fullsize' style='background-color: #ededed;  '  ><div class='container' ><div class='template-page content  av-content-full alpha units'><div class='post-entry post-entry-type-page post-entry-646'><div class='entry-content-wrapper clearfix'>\n<div class=\"flex_column av_two_third  flex_column_div av-zero-column-padding first  avia-builder-el-22  el_before_av_one_third  avia-builder-el-first  \" style='border-radius:0px; '><p><div  style='padding-bottom:10px; color:#75464a;' class='av-special-heading av-special-heading-h3 custom-color-heading   avia-builder-el-23  el_before_av_textblock  avia-builder-el-first  '><h3 class='av-special-heading-tag '  itemprop=\"headline\"  >Meditazione <span class='special_amp'>\u201c<\/span>Chan<span class='special_amp'>\u201d<\/span><\/h3><div class='special-heading-border'><div class='special-heading-inner-border' style='border-color:#75464a'><\/div><\/div><\/div><br \/>\n<section class=\"av_textblock_section \"  itemscope=\"itemscope\" itemtype=\"https:\/\/schema.org\/CreativeWork\" ><div class='avia_textblock  '   itemprop=\"text\" ><p><strong>Meditazione derivante dai precetti Buddisti<\/strong><\/p>\n<p>La comprensione dell\u2019universalit\u00e0 del corpo-mente-spirito soggiace nella qualit\u00e0 dell\u2019osservazione individuale. L\u2019arte della contemplazione si rivela in ogni istante trasformativo che \u00e8, esso stesso, risveglio di un cammino intenso ed indefinito verso la profonda comprensione. Ci\u00f2 che \u00e8 nel potenziale della meditazione \u00e8 di essere intrinseca alla natura umana e per questo alla base di ogni disciplina, di ogni percorso di vita, come di ogni istante evolutivo.<\/p>\n<\/div><\/section><\/p><\/div><div class=\"flex_column av_one_third  flex_column_div av-zero-column-padding   avia-builder-el-25  el_after_av_two_third  avia-builder-el-last  \" style='border-radius:0px; '><div  class='avia-image-container  av-styling-    avia-builder-el-26  avia-builder-el-no-sibling  avia-align-center '  itemprop=\"image\" itemscope=\"itemscope\" itemtype=\"https:\/\/schema.org\/ImageObject\"  ><div class='avia-image-container-inner'><div class='avia-image-overlay-wrap'><img decoding=\"async\" class='wp-image-660 avia-img-lazy-loading-not-660 avia_image' src=\"https:\/\/iacma.com\/wp-content\/uploads\/2021\/01\/Meditazione-Wang-214x300.jpg\" alt='' title='Meditazione Wang' height=\"300\" width=\"214\"  itemprop=\"thumbnailUrl\" srcset=\"https:\/\/iacma.com\/wp-content\/uploads\/2021\/01\/Meditazione-Wang-214x300.jpg 214w, https:\/\/iacma.com\/wp-content\/uploads\/2021\/01\/Meditazione-Wang.jpg 500w\" sizes=\"(max-width: 214px) 100vw, 214px\" \/><\/div><\/div><\/div><\/div>\n<\/p>\n","protected":false},"excerpt":{"rendered":"","protected":false},"author":1,"featured_media":0,"parent":0,"menu_order":0,"comment_status":"closed","ping_status":"closed","template":"","meta":{"_monsterinsights_skip_tracking":false,"_monsterinsights_sitenote_active":false,"_monsterinsights_sitenote_note":"","_monsterinsights_sitenote_category":0,"footnotes":""},"class_list":["post-646","page","type-page","status-publish","hentry"],"yoast_head":"<!-- This site is optimized with the Yoast SEO plugin v27.3 - https:\/\/yoast.com\/product\/yoast-seo-wordpress\/ -->\n<title>coltiva il benessere - Arti Marziali Cinesi in Ticino<\/title>\n<meta name=\"robots\" content=\"index, follow, max-snippet:-1, max-image-preview:large, max-video-preview:-1\" \/>\n<link rel=\"canonical\" href=\"https:\/\/iacma.com\/index.php\/coltiva-il-benessere\/\" \/>\n<meta property=\"og:locale\" content=\"it_IT\" \/>\n<meta property=\"og:type\" content=\"article\" \/>\n<meta property=\"og:title\" content=\"coltiva il benessere - Arti Marziali Cinesi in Ticino\" \/>\n<meta property=\"og:url\" content=\"https:\/\/iacma.com\/index.php\/coltiva-il-benessere\/\" \/>\n<meta property=\"og:site_name\" content=\"Arti Marziali Cinesi in Ticino\" \/>\n<meta property=\"article:modified_time\" content=\"2021-04-05T15:29:21+00:00\" \/>\n<meta name=\"twitter:card\" content=\"summary_large_image\" \/>\n<meta name=\"twitter:label1\" content=\"Tempo di lettura stimato\" \/>\n\t<meta name=\"twitter:data1\" content=\"6 minuti\" \/>\n<script type=\"application\/ld+json\" class=\"yoast-schema-graph\">{\"@context\":\"https:\\\/\\\/schema.org\",\"@graph\":[{\"@type\":\"WebPage\",\"@id\":\"https:\\\/\\\/iacma.com\\\/index.php\\\/coltiva-il-benessere\\\/\",\"url\":\"https:\\\/\\\/iacma.com\\\/index.php\\\/coltiva-il-benessere\\\/\",\"name\":\"coltiva il benessere - Arti Marziali Cinesi in Ticino\",\"isPartOf\":{\"@id\":\"https:\\\/\\\/iacma.com\\\/#website\"},\"datePublished\":\"2021-01-25T14:55:56+00:00\",\"dateModified\":\"2021-04-05T15:29:21+00:00\",\"breadcrumb\":{\"@id\":\"https:\\\/\\\/iacma.com\\\/index.php\\\/coltiva-il-benessere\\\/#breadcrumb\"},\"inLanguage\":\"it-IT\",\"potentialAction\":[{\"@type\":\"ReadAction\",\"target\":[\"https:\\\/\\\/iacma.com\\\/index.php\\\/coltiva-il-benessere\\\/\"]}]},{\"@type\":\"BreadcrumbList\",\"@id\":\"https:\\\/\\\/iacma.com\\\/index.php\\\/coltiva-il-benessere\\\/#breadcrumb\",\"itemListElement\":[{\"@type\":\"ListItem\",\"position\":1,\"name\":\"Home\",\"item\":\"https:\\\/\\\/iacma.com\\\/\"},{\"@type\":\"ListItem\",\"position\":2,\"name\":\"coltiva il benessere\"}]},{\"@type\":\"WebSite\",\"@id\":\"https:\\\/\\\/iacma.com\\\/#website\",\"url\":\"https:\\\/\\\/iacma.com\\\/\",\"name\":\"Arti Marziali Cinesi in Ticino\",\"description\":\"Arti Marziali Cinesi in Ticino\",\"potentialAction\":[{\"@type\":\"SearchAction\",\"target\":{\"@type\":\"EntryPoint\",\"urlTemplate\":\"https:\\\/\\\/iacma.com\\\/?s={search_term_string}\"},\"query-input\":{\"@type\":\"PropertyValueSpecification\",\"valueRequired\":true,\"valueName\":\"search_term_string\"}}],\"inLanguage\":\"it-IT\"}]}<\/script>\n<!-- \/ Yoast SEO plugin. -->","yoast_head_json":{"title":"coltiva il benessere - Arti Marziali Cinesi in Ticino","robots":{"index":"index","follow":"follow","max-snippet":"max-snippet:-1","max-image-preview":"max-image-preview:large","max-video-preview":"max-video-preview:-1"},"canonical":"https:\/\/iacma.com\/index.php\/coltiva-il-benessere\/","og_locale":"it_IT","og_type":"article","og_title":"coltiva il benessere - Arti Marziali Cinesi in Ticino","og_url":"https:\/\/iacma.com\/index.php\/coltiva-il-benessere\/","og_site_name":"Arti Marziali Cinesi in Ticino","article_modified_time":"2021-04-05T15:29:21+00:00","twitter_card":"summary_large_image","twitter_misc":{"Tempo di lettura stimato":"6 minuti"},"schema":{"@context":"https:\/\/schema.org","@graph":[{"@type":"WebPage","@id":"https:\/\/iacma.com\/index.php\/coltiva-il-benessere\/","url":"https:\/\/iacma.com\/index.php\/coltiva-il-benessere\/","name":"coltiva il benessere - Arti Marziali Cinesi in Ticino","isPartOf":{"@id":"https:\/\/iacma.com\/#website"},"datePublished":"2021-01-25T14:55:56+00:00","dateModified":"2021-04-05T15:29:21+00:00","breadcrumb":{"@id":"https:\/\/iacma.com\/index.php\/coltiva-il-benessere\/#breadcrumb"},"inLanguage":"it-IT","potentialAction":[{"@type":"ReadAction","target":["https:\/\/iacma.com\/index.php\/coltiva-il-benessere\/"]}]},{"@type":"BreadcrumbList","@id":"https:\/\/iacma.com\/index.php\/coltiva-il-benessere\/#breadcrumb","itemListElement":[{"@type":"ListItem","position":1,"name":"Home","item":"https:\/\/iacma.com\/"},{"@type":"ListItem","position":2,"name":"coltiva il benessere"}]},{"@type":"WebSite","@id":"https:\/\/iacma.com\/#website","url":"https:\/\/iacma.com\/","name":"Arti Marziali Cinesi in Ticino","description":"Arti Marziali Cinesi in Ticino","potentialAction":[{"@type":"SearchAction","target":{"@type":"EntryPoint","urlTemplate":"https:\/\/iacma.com\/?s={search_term_string}"},"query-input":{"@type":"PropertyValueSpecification","valueRequired":true,"valueName":"search_term_string"}}],"inLanguage":"it-IT"}]}},"_links":{"self":[{"href":"https:\/\/iacma.com\/index.php\/wp-json\/wp\/v2\/pages\/646","targetHints":{"allow":["GET"]}}],"collection":[{"href":"https:\/\/iacma.com\/index.php\/wp-json\/wp\/v2\/pages"}],"about":[{"href":"https:\/\/iacma.com\/index.php\/wp-json\/wp\/v2\/types\/page"}],"author":[{"embeddable":true,"href":"https:\/\/iacma.com\/index.php\/wp-json\/wp\/v2\/users\/1"}],"replies":[{"embeddable":true,"href":"https:\/\/iacma.com\/index.php\/wp-json\/wp\/v2\/comments?post=646"}],"version-history":[{"count":11,"href":"https:\/\/iacma.com\/index.php\/wp-json\/wp\/v2\/pages\/646\/revisions"}],"predecessor-version":[{"id":1213,"href":"https:\/\/iacma.com\/index.php\/wp-json\/wp\/v2\/pages\/646\/revisions\/1213"}],"wp:attachment":[{"href":"https:\/\/iacma.com\/index.php\/wp-json\/wp\/v2\/media?parent=646"}],"curies":[{"name":"wp","href":"https:\/\/api.w.org\/{rel}","templated":true}]}}