{"id":682,"date":"2021-01-26T14:02:55","date_gmt":"2021-01-26T14:02:55","guid":{"rendered":"https:\/\/iacma.com\/?page_id=682"},"modified":"2021-01-26T14:33:48","modified_gmt":"2021-01-26T14:33:48","slug":"difen-il-benessere","status":"publish","type":"page","link":"https:\/\/iacma.com\/index.php\/difen-il-benessere\/","title":{"rendered":"difendi il benessere"},"content":{"rendered":"<div id='full_slider_1'  class='avia-fullwidth-slider main_color avia-shadow   avia-builder-el-0  el_before_av_section  avia-builder-el-first   container_wrap fullsize' style=' '  ><div   data-size='featured'  data-lightbox_size='large'  data-animation='slide'  data-conditional_play=''  data-ids='686'  data-video_counter='0'  data-autoplay='false'  data-bg_slider='false'  data-slide_height=''  data-handle='av_slideshow_full'  data-interval='5'  data-class=' '  data-el_id=''  data-css_id=''  data-scroll_down=''  data-control_layout='av-control-default'  data-custom_markup=''  data-perma_caption=''  data-autoplay_stopper=''  data-image_attachment=''  data-min_height='0px'  data-lazy_loading='disabled'  data-src=''  data-position='top left'  data-repeat='no-repeat'  data-attach='scroll'  data-stretch=''  data-default-height='28.666666666667'  class='avia-slideshow avia-slideshow-1  av-control-default av-default-height-applied avia-slideshow-featured av_slideshow_full   avia-slide-slider '  itemprop=\"image\" itemscope=\"itemscope\" itemtype=\"https:\/\/schema.org\/ImageObject\" ><ul class='avia-slideshow-inner ' style='padding-bottom: 28.666666666667%;' ><li  class=' av-single-slide slide-1 ' ><div data-rel='slideshow-1' class='avia-slide-wrap '   ><img decoding=\"async\" class=\"wp-image-686 avia-img-lazy-loading-not-686\"  src=\"https:\/\/iacma.com\/wp-content\/uploads\/2021\/01\/Choyleefut-1500x430.jpg\" width=\"1500\" height=\"430\" title='Choyleefut' alt=''  itemprop=\"thumbnailUrl\" srcset=\"https:\/\/iacma.com\/wp-content\/uploads\/2021\/01\/Choyleefut.jpg 1500w, https:\/\/iacma.com\/wp-content\/uploads\/2021\/01\/Choyleefut-300x86.jpg 300w, https:\/\/iacma.com\/wp-content\/uploads\/2021\/01\/Choyleefut-1030x295.jpg 1030w, https:\/\/iacma.com\/wp-content\/uploads\/2021\/01\/Choyleefut-768x220.jpg 768w, https:\/\/iacma.com\/wp-content\/uploads\/2021\/01\/Choyleefut-705x202.jpg 705w\" sizes=\"(max-width: 1500px) 100vw, 1500px\" \/><\/div><\/li><\/ul><\/div><\/div>\n<div id='av_section_1'  class='avia-section main_color avia-section-default avia-no-border-styling  avia-bg-style-scroll  avia-builder-el-1  el_after_av_slideshow_full  el_before_av_section   container_wrap fullsize' style=' '  ><div class='container' ><div class='template-page content  av-content-full alpha units'><div class='post-entry post-entry-type-page post-entry-682'><div class='entry-content-wrapper clearfix'>\n<div  style='padding-bottom:10px; ' class='av-special-heading av-special-heading-h1  blockquote modern-quote modern-centered  avia-builder-el-2  avia-builder-el-no-sibling  '><h1 class='av-special-heading-tag '  itemprop=\"headline\"  >Difendi il benessere<\/h1><div class='special-heading-border'><div class='special-heading-inner-border' ><\/div><\/div><\/div>\n<\/div><\/div><\/div><!-- close content main div --><\/div><\/div><div id='av_section_2'  class='avia-section main_color avia-section-default avia-no-border-styling  avia-bg-style-scroll  avia-builder-el-3  el_after_av_section  el_before_av_section   container_wrap fullsize' style=' '  ><div class='container' ><div class='template-page content  av-content-full alpha units'><div class='post-entry post-entry-type-page post-entry-682'><div class='entry-content-wrapper clearfix'>\n<div class=\"flex_column av_two_third  flex_column_div av-zero-column-padding first  avia-builder-el-4  el_before_av_one_third  avia-builder-el-first  \" style='border-radius:0px; '><p><div  style='padding-bottom:10px; color:#75464a;' class='av-special-heading av-special-heading-h3 custom-color-heading   avia-builder-el-5  el_before_av_textblock  avia-builder-el-first  '><h3 class='av-special-heading-tag '  itemprop=\"headline\"  >Kungfu Choy Lee Fut<\/h3><div class='special-heading-border'><div class='special-heading-inner-border' style='border-color:#75464a'><\/div><\/div><\/div><br \/>\n<section class=\"av_textblock_section \"  itemscope=\"itemscope\" itemtype=\"https:\/\/schema.org\/CreativeWork\" ><div class='avia_textblock  '   itemprop=\"text\" ><p><strong>Gongfu Cailifo tradizionale<br \/>\n<\/strong><\/p>\n<p>L\u2019esperienza che abilit\u00e0 all\u2019arte del Gongfu \u00e8 concentrata ad estrapolare da ogni individuo il meglio del suo potenziale fisico, mentale e spirituale. Richiede un grande impegno nella pratica, affinch\u00e9 insorgano naturali quelle doti che educano all\u2019auto disciplina e l\u2019auto determinazione. \u00c8 questo, il vero spirito del Gongfu: arte che ridona ad ogni individuo tutto il potenziale per la sua crescita.<\/p>\n<\/div><\/section><\/p><\/div><div class=\"flex_column av_one_third  flex_column_div av-zero-column-padding   avia-builder-el-7  el_after_av_two_third  avia-builder-el-last  \" style='border-radius:0px; '><div  class='avia-image-container  av-styling-    avia-builder-el-8  avia-builder-el-no-sibling  avia-align-center '  itemprop=\"image\" itemscope=\"itemscope\" itemtype=\"https:\/\/schema.org\/ImageObject\"  ><div class='avia-image-container-inner'><div class='avia-image-overlay-wrap'><img decoding=\"async\" class='wp-image-689 avia-img-lazy-loading-not-689 avia_image' src=\"https:\/\/iacma.com\/wp-content\/uploads\/2021\/01\/Choyleefut-Li-Pira-214x300.jpg\" alt='' title='Choyleefut Li Pira' height=\"300\" width=\"214\"  itemprop=\"thumbnailUrl\" srcset=\"https:\/\/iacma.com\/wp-content\/uploads\/2021\/01\/Choyleefut-Li-Pira-214x300.jpg 214w, https:\/\/iacma.com\/wp-content\/uploads\/2021\/01\/Choyleefut-Li-Pira.jpg 500w\" sizes=\"(max-width: 214px) 100vw, 214px\" \/><\/div><\/div><\/div><\/div><\/div><\/div><\/div><!-- close content main div --><\/div><\/div><div id='av_section_3'  class='avia-section main_color avia-section-default avia-no-border-styling  avia-bg-style-scroll  avia-builder-el-9  el_after_av_section  el_before_av_section   container_wrap fullsize' style='background-color: #ededed;  '  ><div class='container' ><div class='template-page content  av-content-full alpha units'><div class='post-entry post-entry-type-page post-entry-682'><div class='entry-content-wrapper clearfix'>\n<div class=\"flex_column av_two_third  flex_column_div av-zero-column-padding first  avia-builder-el-10  el_before_av_one_third  avia-builder-el-first  \" style='border-radius:0px; '><p><div  style='padding-bottom:10px; color:#75464a;' class='av-special-heading av-special-heading-h3 custom-color-heading   avia-builder-el-11  el_before_av_textblock  avia-builder-el-first  '><h3 class='av-special-heading-tag '  itemprop=\"headline\"  >Gong Fu Wu Shu<\/h3><div class='special-heading-border'><div class='special-heading-inner-border' style='border-color:#75464a'><\/div><\/div><\/div><br \/>\n<section class=\"av_textblock_section \"  itemscope=\"itemscope\" itemtype=\"https:\/\/schema.org\/CreativeWork\" ><div class='avia_textblock  '   itemprop=\"text\" ><p><strong>Kung Fu Marziale moderno<\/strong><\/p>\n<p>La pi\u00f9 moderna interpretazione delle arti marziali cinesi \u00e8 la sintesi ideale tra tecniche fluide e movimenti veloci e precisi. Una forma d\u2019arte, specifica alla crescita dei bambini a partire dai loro 4 anni. Avvicinandoli con il gioco delle arti marziali, li abitua, in maniera spontanea a riconoscersi nel corpo e nello spazio. Paragonabile, a prima vista ad una danza, poi ad una ginnastica circense cinese, pi\u00f9 che ad una disciplina da combattimento, cela dentro di s\u00e9 un percorso, che evolve con lo studente e lo conduce ad utilizzare il massimo delle sue potenzialit\u00e0 dinamiche e strategiche.<\/p>\n<\/div><\/section><\/p><\/div><div class=\"flex_column av_one_third  flex_column_div av-zero-column-padding   avia-builder-el-13  el_after_av_two_third  avia-builder-el-last  \" style='border-radius:0px; '><div  class='avia-image-container  av-styling-    avia-builder-el-14  avia-builder-el-no-sibling  avia-align-center '  itemprop=\"image\" itemscope=\"itemscope\" itemtype=\"https:\/\/schema.org\/ImageObject\"  ><div class='avia-image-container-inner'><div class='avia-image-overlay-wrap'><img decoding=\"async\" class='wp-image-691 avia-img-lazy-loading-not-691 avia_image' src=\"https:\/\/iacma.com\/wp-content\/uploads\/2021\/01\/Wushu-214x300.jpg\" alt='' title='Wushu' height=\"300\" width=\"214\"  itemprop=\"thumbnailUrl\" srcset=\"https:\/\/iacma.com\/wp-content\/uploads\/2021\/01\/Wushu-214x300.jpg 214w, https:\/\/iacma.com\/wp-content\/uploads\/2021\/01\/Wushu.jpg 500w\" sizes=\"(max-width: 214px) 100vw, 214px\" \/><\/div><\/div><\/div><\/div><\/div><\/div><\/div><!-- close content main div --><\/div><\/div><div id='av_section_4'  class='avia-section main_color avia-section-default avia-no-border-styling  avia-bg-style-scroll  avia-builder-el-15  el_after_av_section  el_before_av_section   container_wrap fullsize' style=' '  ><div class='container' ><div class='template-page content  av-content-full alpha units'><div class='post-entry post-entry-type-page post-entry-682'><div class='entry-content-wrapper clearfix'>\n<div class=\"flex_column av_two_third  flex_column_div av-zero-column-padding first  avia-builder-el-16  el_before_av_one_third  avia-builder-el-first  \" style='border-radius:0px; '><p><div  style='padding-bottom:10px; color:#75464a;' class='av-special-heading av-special-heading-h3 custom-color-heading   avia-builder-el-17  el_before_av_textblock  avia-builder-el-first  '><h3 class='av-special-heading-tag '  itemprop=\"headline\"  >IFS <span class='special_amp'>\u201c<\/span>Istinctive Fighting System<span class='special_amp'>\u201d<\/span><\/h3><div class='special-heading-border'><div class='special-heading-inner-border' style='border-color:#75464a'><\/div><\/div><\/div><br \/>\n<section class=\"av_textblock_section \"  itemscope=\"itemscope\" itemtype=\"https:\/\/schema.org\/CreativeWork\" ><div class='avia_textblock  '   itemprop=\"text\" ><p><strong>Sistema di Combattimento Istintivo<\/strong><\/p>\n<p>A differenza delle discipline marziali tradizionali l\u2019IFS \u201cIstinctive Fighting System\u201d \u00e8 un valido sistema adattivo, specifico per chiunque desideri avvicinarsi al mondo marziale per attingere nell\u2019immediato le potenzialit\u00e0 utili al miglioramento del suo contesto quotidiano, privato, sociale, o professionale.<\/p>\n<\/div><\/section><\/p><\/div><div class=\"flex_column av_one_third  flex_column_div av-zero-column-padding   avia-builder-el-19  el_after_av_two_third  avia-builder-el-last  \" style='border-radius:0px; '><div  class='avia-image-container  av-styling-    avia-builder-el-20  avia-builder-el-no-sibling  avia-align-center '  itemprop=\"image\" itemscope=\"itemscope\" itemtype=\"https:\/\/schema.org\/ImageObject\"  ><div class='avia-image-container-inner'><div class='avia-image-overlay-wrap'><img decoding=\"async\" class='wp-image-693 avia-img-lazy-loading-not-693 avia_image' src=\"https:\/\/iacma.com\/wp-content\/uploads\/2021\/01\/IFS-214x300.jpg\" alt='' title='IFS' height=\"300\" width=\"214\"  itemprop=\"thumbnailUrl\" srcset=\"https:\/\/iacma.com\/wp-content\/uploads\/2021\/01\/IFS-214x300.jpg 214w, https:\/\/iacma.com\/wp-content\/uploads\/2021\/01\/IFS.jpg 500w\" sizes=\"(max-width: 214px) 100vw, 214px\" \/><\/div><\/div><\/div><\/div><\/div><\/div><\/div><!-- close content main div --><\/div><\/div><div id='av_section_5'  class='avia-section main_color avia-section-default avia-no-border-styling  avia-bg-style-scroll  avia-builder-el-21  el_after_av_section  el_before_av_section   container_wrap fullsize' style='background-color: #ededed;  '  ><div class='container' ><div class='template-page content  av-content-full alpha units'><div class='post-entry post-entry-type-page post-entry-682'><div class='entry-content-wrapper clearfix'>\n<div class=\"flex_column av_two_third  flex_column_div av-zero-column-padding first  avia-builder-el-22  el_before_av_one_third  avia-builder-el-first  \" style='border-radius:0px; '><p><div  style='padding-bottom:10px; color:#75464a;' class='av-special-heading av-special-heading-h3 custom-color-heading   avia-builder-el-23  el_before_av_textblock  avia-builder-el-first  '><h3 class='av-special-heading-tag '  itemprop=\"headline\"  >Sanda San Shou<\/h3><div class='special-heading-border'><div class='special-heading-inner-border' style='border-color:#75464a'><\/div><\/div><\/div><br \/>\n<section class=\"av_textblock_section \"  itemscope=\"itemscope\" itemtype=\"https:\/\/schema.org\/CreativeWork\" ><div class='avia_textblock  '   itemprop=\"text\" ><p><strong>Combattimento sportivo Sanda<\/strong><\/p>\n<p>\u00c8 il corrispettivo cinese del combattimento sportivo per le competizioni. Ma \u00e8 anche un valido sistema per educare alla salvaguardia individuale. Avendo origine dalle arti marziali tradizionali, \u00e8 solamente dopo aver maturato l\u2019educazione al rispetto per l\u2019altro che lo studente si cimenta nel contesto agonistico. Il Sanda integra tre contesti didattici applicativi (corta, media e lunga distanza tattica) che permetteranno di adattarsi ad ogni situazione e circostanza reale.<\/p>\n<\/div><\/section><\/p><\/div><div class=\"flex_column av_one_third  flex_column_div av-zero-column-padding   avia-builder-el-25  el_after_av_two_third  avia-builder-el-last  \" style='border-radius:0px; '><div  class='avia-image-container  av-styling-    avia-builder-el-26  avia-builder-el-no-sibling  avia-align-center '  itemprop=\"image\" itemscope=\"itemscope\" itemtype=\"https:\/\/schema.org\/ImageObject\"  ><div class='avia-image-container-inner'><div class='avia-image-overlay-wrap'><img decoding=\"async\" class='wp-image-695 avia-img-lazy-loading-not-695 avia_image' src=\"https:\/\/iacma.com\/wp-content\/uploads\/2021\/01\/Sanshou-214x300.jpg\" alt='' title='Sanshou' height=\"300\" width=\"214\"  itemprop=\"thumbnailUrl\" srcset=\"https:\/\/iacma.com\/wp-content\/uploads\/2021\/01\/Sanshou-214x300.jpg 214w, https:\/\/iacma.com\/wp-content\/uploads\/2021\/01\/Sanshou.jpg 500w\" sizes=\"(max-width: 214px) 100vw, 214px\" \/><\/div><\/div><\/div><\/div><\/div><\/div><\/div><!-- close content main div --><\/div><\/div><div id='av_section_6'  class='avia-section main_color avia-section-default avia-no-border-styling  avia-bg-style-scroll  avia-builder-el-27  el_after_av_section  avia-builder-el-last   container_wrap fullsize' style=' '  ><div class='container' ><div class='template-page content  av-content-full alpha units'><div class='post-entry post-entry-type-page post-entry-682'><div class='entry-content-wrapper clearfix'>\n<div class=\"flex_column av_two_third  flex_column_div av-zero-column-padding first  avia-builder-el-28  el_before_av_one_third  avia-builder-el-first  \" style='border-radius:0px; '><p><div  style='padding-bottom:10px; color:#75464a;' class='av-special-heading av-special-heading-h3 custom-color-heading   avia-builder-el-29  el_before_av_textblock  avia-builder-el-first  '><h3 class='av-special-heading-tag '  itemprop=\"headline\"  >Shoot Boxing<\/h3><div class='special-heading-border'><div class='special-heading-inner-border' style='border-color:#75464a'><\/div><\/div><\/div><br \/>\n<section class=\"av_textblock_section \"  itemscope=\"itemscope\" itemtype=\"https:\/\/schema.org\/CreativeWork\" ><div class='avia_textblock  '   itemprop=\"text\" ><p><strong>Boxe Esplosiva<\/strong><\/p>\n<p>Attenzione, concentrazione e prontezza di riflessi sono istinti che se risvegliati diventano un potenziale esplosivo nella vita. Non vi \u00e8 nulla da sopprimere, bens\u00ec da controllare. Sono questi i presupposti che rendono la \u201cBoxe Esplosiva\u201d un sistema di combattimento unico nel suo genere. Per il suo addestramento intensivo, per le molteplicit\u00e0 dei campi didattici applicativi, questa disciplina da combattimento \u00e8 da ritenersi riservata a persone con esperienza.<\/p>\n<\/div><\/section><\/p><\/div><div class=\"flex_column av_one_third  flex_column_div av-zero-column-padding   avia-builder-el-31  el_after_av_two_third  avia-builder-el-last  \" style='border-radius:0px; '><div  class='avia-image-container  av-styling-    avia-builder-el-32  avia-builder-el-no-sibling  avia-align-center '  itemprop=\"image\" itemscope=\"itemscope\" itemtype=\"https:\/\/schema.org\/ImageObject\"  ><div class='avia-image-container-inner'><div class='avia-image-overlay-wrap'><img decoding=\"async\" class='wp-image-697 avia-img-lazy-loading-not-697 avia_image' src=\"https:\/\/iacma.com\/wp-content\/uploads\/2021\/01\/shootboxe-214x300.jpg\" alt='' title='Free image\/jpeg Resolution: 5184x3456, File size: 7.74Mb, Sport Action on ring, Muay Thai Fight' height=\"300\" width=\"214\"  itemprop=\"thumbnailUrl\" srcset=\"https:\/\/iacma.com\/wp-content\/uploads\/2021\/01\/shootboxe-214x300.jpg 214w, https:\/\/iacma.com\/wp-content\/uploads\/2021\/01\/shootboxe.jpg 500w\" sizes=\"(max-width: 214px) 100vw, 214px\" \/><\/div><\/div><\/div><\/div><\/p>\n","protected":false},"excerpt":{"rendered":"","protected":false},"author":1,"featured_media":0,"parent":0,"menu_order":0,"comment_status":"closed","ping_status":"closed","template":"","meta":{"_monsterinsights_skip_tracking":false,"_monsterinsights_sitenote_active":false,"_monsterinsights_sitenote_note":"","_monsterinsights_sitenote_category":0,"footnotes":""},"class_list":["post-682","page","type-page","status-publish","hentry"],"yoast_head":"<!-- This site is optimized with the Yoast SEO plugin v27.3 - https:\/\/yoast.com\/product\/yoast-seo-wordpress\/ -->\n<title>difendi il benessere - Arti Marziali Cinesi in Ticino<\/title>\n<meta name=\"robots\" content=\"index, follow, max-snippet:-1, max-image-preview:large, max-video-preview:-1\" \/>\n<link rel=\"canonical\" href=\"https:\/\/iacma.com\/index.php\/difen-il-benessere\/\" \/>\n<meta property=\"og:locale\" content=\"it_IT\" \/>\n<meta property=\"og:type\" content=\"article\" \/>\n<meta property=\"og:title\" content=\"difendi il benessere - Arti Marziali Cinesi in Ticino\" \/>\n<meta property=\"og:url\" content=\"https:\/\/iacma.com\/index.php\/difen-il-benessere\/\" \/>\n<meta property=\"og:site_name\" content=\"Arti Marziali Cinesi in Ticino\" \/>\n<meta property=\"article:modified_time\" content=\"2021-01-26T14:33:48+00:00\" \/>\n<meta name=\"twitter:card\" content=\"summary_large_image\" \/>\n<meta name=\"twitter:label1\" content=\"Tempo di lettura stimato\" \/>\n\t<meta name=\"twitter:data1\" content=\"7 minuti\" \/>\n<script type=\"application\/ld+json\" class=\"yoast-schema-graph\">{\"@context\":\"https:\\\/\\\/schema.org\",\"@graph\":[{\"@type\":\"WebPage\",\"@id\":\"https:\\\/\\\/iacma.com\\\/index.php\\\/difen-il-benessere\\\/\",\"url\":\"https:\\\/\\\/iacma.com\\\/index.php\\\/difen-il-benessere\\\/\",\"name\":\"difendi il benessere - Arti Marziali Cinesi in Ticino\",\"isPartOf\":{\"@id\":\"https:\\\/\\\/iacma.com\\\/#website\"},\"datePublished\":\"2021-01-26T14:02:55+00:00\",\"dateModified\":\"2021-01-26T14:33:48+00:00\",\"breadcrumb\":{\"@id\":\"https:\\\/\\\/iacma.com\\\/index.php\\\/difen-il-benessere\\\/#breadcrumb\"},\"inLanguage\":\"it-IT\",\"potentialAction\":[{\"@type\":\"ReadAction\",\"target\":[\"https:\\\/\\\/iacma.com\\\/index.php\\\/difen-il-benessere\\\/\"]}]},{\"@type\":\"BreadcrumbList\",\"@id\":\"https:\\\/\\\/iacma.com\\\/index.php\\\/difen-il-benessere\\\/#breadcrumb\",\"itemListElement\":[{\"@type\":\"ListItem\",\"position\":1,\"name\":\"Home\",\"item\":\"https:\\\/\\\/iacma.com\\\/\"},{\"@type\":\"ListItem\",\"position\":2,\"name\":\"difendi il benessere\"}]},{\"@type\":\"WebSite\",\"@id\":\"https:\\\/\\\/iacma.com\\\/#website\",\"url\":\"https:\\\/\\\/iacma.com\\\/\",\"name\":\"Arti Marziali Cinesi in Ticino\",\"description\":\"Arti Marziali Cinesi in Ticino\",\"potentialAction\":[{\"@type\":\"SearchAction\",\"target\":{\"@type\":\"EntryPoint\",\"urlTemplate\":\"https:\\\/\\\/iacma.com\\\/?s={search_term_string}\"},\"query-input\":{\"@type\":\"PropertyValueSpecification\",\"valueRequired\":true,\"valueName\":\"search_term_string\"}}],\"inLanguage\":\"it-IT\"}]}<\/script>\n<!-- \/ Yoast SEO plugin. -->","yoast_head_json":{"title":"difendi il benessere - Arti Marziali Cinesi in Ticino","robots":{"index":"index","follow":"follow","max-snippet":"max-snippet:-1","max-image-preview":"max-image-preview:large","max-video-preview":"max-video-preview:-1"},"canonical":"https:\/\/iacma.com\/index.php\/difen-il-benessere\/","og_locale":"it_IT","og_type":"article","og_title":"difendi il benessere - Arti Marziali Cinesi in Ticino","og_url":"https:\/\/iacma.com\/index.php\/difen-il-benessere\/","og_site_name":"Arti Marziali Cinesi in Ticino","article_modified_time":"2021-01-26T14:33:48+00:00","twitter_card":"summary_large_image","twitter_misc":{"Tempo di lettura stimato":"7 minuti"},"schema":{"@context":"https:\/\/schema.org","@graph":[{"@type":"WebPage","@id":"https:\/\/iacma.com\/index.php\/difen-il-benessere\/","url":"https:\/\/iacma.com\/index.php\/difen-il-benessere\/","name":"difendi il benessere - Arti Marziali Cinesi in Ticino","isPartOf":{"@id":"https:\/\/iacma.com\/#website"},"datePublished":"2021-01-26T14:02:55+00:00","dateModified":"2021-01-26T14:33:48+00:00","breadcrumb":{"@id":"https:\/\/iacma.com\/index.php\/difen-il-benessere\/#breadcrumb"},"inLanguage":"it-IT","potentialAction":[{"@type":"ReadAction","target":["https:\/\/iacma.com\/index.php\/difen-il-benessere\/"]}]},{"@type":"BreadcrumbList","@id":"https:\/\/iacma.com\/index.php\/difen-il-benessere\/#breadcrumb","itemListElement":[{"@type":"ListItem","position":1,"name":"Home","item":"https:\/\/iacma.com\/"},{"@type":"ListItem","position":2,"name":"difendi il benessere"}]},{"@type":"WebSite","@id":"https:\/\/iacma.com\/#website","url":"https:\/\/iacma.com\/","name":"Arti Marziali Cinesi in Ticino","description":"Arti Marziali Cinesi in Ticino","potentialAction":[{"@type":"SearchAction","target":{"@type":"EntryPoint","urlTemplate":"https:\/\/iacma.com\/?s={search_term_string}"},"query-input":{"@type":"PropertyValueSpecification","valueRequired":true,"valueName":"search_term_string"}}],"inLanguage":"it-IT"}]}},"_links":{"self":[{"href":"https:\/\/iacma.com\/index.php\/wp-json\/wp\/v2\/pages\/682","targetHints":{"allow":["GET"]}}],"collection":[{"href":"https:\/\/iacma.com\/index.php\/wp-json\/wp\/v2\/pages"}],"about":[{"href":"https:\/\/iacma.com\/index.php\/wp-json\/wp\/v2\/types\/page"}],"author":[{"embeddable":true,"href":"https:\/\/iacma.com\/index.php\/wp-json\/wp\/v2\/users\/1"}],"replies":[{"embeddable":true,"href":"https:\/\/iacma.com\/index.php\/wp-json\/wp\/v2\/comments?post=682"}],"version-history":[{"count":10,"href":"https:\/\/iacma.com\/index.php\/wp-json\/wp\/v2\/pages\/682\/revisions"}],"predecessor-version":[{"id":717,"href":"https:\/\/iacma.com\/index.php\/wp-json\/wp\/v2\/pages\/682\/revisions\/717"}],"wp:attachment":[{"href":"https:\/\/iacma.com\/index.php\/wp-json\/wp\/v2\/media?parent=682"}],"curies":[{"name":"wp","href":"https:\/\/api.w.org\/{rel}","templated":true}]}}