{"id":703,"date":"2021-01-26T15:04:36","date_gmt":"2021-01-26T15:04:36","guid":{"rendered":"https:\/\/iacma.com\/?page_id=703"},"modified":"2021-09-11T14:19:12","modified_gmt":"2021-09-11T14:19:12","slug":"dona-il-benessere","status":"publish","type":"page","link":"https:\/\/iacma.com\/index.php\/dona-il-benessere\/","title":{"rendered":"dona il benessere"},"content":{"rendered":"<div id='full_slider_1'  class='avia-fullwidth-slider main_color avia-shadow   avia-builder-el-0  el_before_av_section  avia-builder-el-first   container_wrap fullsize' style=' '  ><div   data-size='featured'  data-lightbox_size='large'  data-animation='slide'  data-conditional_play=''  data-ids='704'  data-video_counter='0'  data-autoplay='false'  data-bg_slider='false'  data-slide_height=''  data-handle='av_slideshow_full'  data-interval='5'  data-class=' '  data-el_id=''  data-css_id=''  data-scroll_down=''  data-control_layout='av-control-default'  data-custom_markup=''  data-perma_caption=''  data-autoplay_stopper=''  data-image_attachment=''  data-min_height='0px'  data-lazy_loading='disabled'  data-src=''  data-position='top left'  data-repeat='no-repeat'  data-attach='scroll'  data-stretch=''  data-default-height='28.666666666667'  class='avia-slideshow avia-slideshow-1  av-control-default av-default-height-applied avia-slideshow-featured av_slideshow_full   avia-slide-slider '  itemprop=\"image\" itemscope=\"itemscope\" itemtype=\"https:\/\/schema.org\/ImageObject\" ><ul class='avia-slideshow-inner ' style='padding-bottom: 28.666666666667%;' ><li  class=' av-single-slide slide-1 ' ><div data-rel='slideshow-1' class='avia-slide-wrap '   ><img decoding=\"async\" class=\"wp-image-704 avia-img-lazy-loading-not-704\"  src=\"https:\/\/iacma.com\/wp-content\/uploads\/2021\/01\/Neigong-Tuina-1500x430.jpg\" width=\"1500\" height=\"430\" title='Neigong Tuina' alt=''  itemprop=\"thumbnailUrl\" srcset=\"https:\/\/iacma.com\/wp-content\/uploads\/2021\/01\/Neigong-Tuina.jpg 1500w, https:\/\/iacma.com\/wp-content\/uploads\/2021\/01\/Neigong-Tuina-300x86.jpg 300w, https:\/\/iacma.com\/wp-content\/uploads\/2021\/01\/Neigong-Tuina-1030x295.jpg 1030w, https:\/\/iacma.com\/wp-content\/uploads\/2021\/01\/Neigong-Tuina-768x220.jpg 768w, https:\/\/iacma.com\/wp-content\/uploads\/2021\/01\/Neigong-Tuina-705x202.jpg 705w\" sizes=\"(max-width: 1500px) 100vw, 1500px\" \/><\/div><\/li><\/ul><\/div><\/div>\n<div id='av_section_1'  class='avia-section main_color avia-section-default avia-no-border-styling  avia-bg-style-scroll  avia-builder-el-1  el_after_av_slideshow_full  el_before_av_section   container_wrap fullsize' style=' '  ><div class='container' ><div class='template-page content  av-content-full alpha units'><div class='post-entry post-entry-type-page post-entry-703'><div class='entry-content-wrapper clearfix'>\n<div  style='padding-bottom:10px; ' class='av-special-heading av-special-heading-h1  blockquote modern-quote modern-centered  avia-builder-el-2  avia-builder-el-no-sibling  '><h1 class='av-special-heading-tag '  itemprop=\"headline\"  >Dona il benessere<\/h1><div class='special-heading-border'><div class='special-heading-inner-border' ><\/div><\/div><\/div>\n\n<\/div><\/div><\/div><!-- close content main div --><\/div><\/div><div id='av_section_2'  class='avia-section main_color avia-section-default avia-no-border-styling  avia-bg-style-scroll  avia-builder-el-3  el_after_av_section  el_before_av_section   container_wrap fullsize' style=' '  ><div class='container' ><div class='template-page content  av-content-full alpha units'><div class='post-entry post-entry-type-page post-entry-703'><div class='entry-content-wrapper clearfix'>\n<div class=\"flex_column av_two_third  flex_column_div av-zero-column-padding first  avia-builder-el-4  el_before_av_one_third  avia-builder-el-first  \" style='border-radius:0px; '><p><div  style='padding-bottom:10px; color:#75464a;' class='av-special-heading av-special-heading-h3 custom-color-heading   avia-builder-el-5  el_before_av_textblock  avia-builder-el-first  '><h3 class='av-special-heading-tag '  itemprop=\"headline\"  >Neigong Tuina<\/h3><div class='special-heading-border'><div class='special-heading-inner-border' style='border-color:#75464a'><\/div><\/div><\/div><br \/>\n<section class=\"av_textblock_section \"  itemscope=\"itemscope\" itemtype=\"https:\/\/schema.org\/CreativeWork\" ><div class='avia_textblock  '   itemprop=\"text\" ><p><strong>L\u2019arte del massaggio energetico e terapeutico<\/strong><\/p>\n<p>\u00c8 col tocco che ogni essere sviluppa la propria sensorialit\u00e0. Il contatto \u00e8 preludio di ogni relazione personale e sociale, che va al di l\u00e0 del semplice gesto tattile. Lo spirito vitale che si libera dalla materia per divenire energia a sostegno della vita.<\/p>\n<\/div><\/section><\/p><\/div><div class=\"flex_column av_one_third  flex_column_div av-zero-column-padding   avia-builder-el-7  el_after_av_two_third  avia-builder-el-last  \" style='border-radius:0px; '><div  class='avia-image-container  av-styling-    avia-builder-el-8  avia-builder-el-no-sibling  avia-align-center '  itemprop=\"image\" itemscope=\"itemscope\" itemtype=\"https:\/\/schema.org\/ImageObject\"  ><div class='avia-image-container-inner'><div class='avia-image-overlay-wrap'><img decoding=\"async\" class='wp-image-706 avia-img-lazy-loading-not-706 avia_image' src=\"https:\/\/iacma.com\/wp-content\/uploads\/2021\/01\/Neigong-Tuina-verticale-214x300.jpg\" alt='' title='Neigong Tuina verticale' height=\"300\" width=\"214\"  itemprop=\"thumbnailUrl\" srcset=\"https:\/\/iacma.com\/wp-content\/uploads\/2021\/01\/Neigong-Tuina-verticale-214x300.jpg 214w, https:\/\/iacma.com\/wp-content\/uploads\/2021\/01\/Neigong-Tuina-verticale.jpg 500w\" sizes=\"(max-width: 214px) 100vw, 214px\" \/><\/div><\/div><\/div><\/div><\/div><\/div><\/div><!-- close content main div --><\/div><\/div><div id='av_section_3'  class='avia-section main_color avia-section-default avia-no-border-styling  avia-bg-style-scroll  avia-builder-el-9  el_after_av_section  avia-builder-el-last   container_wrap fullsize' style='background-color: #ededed;  '  ><div class='container' ><div class='template-page content  av-content-full alpha units'><div class='post-entry post-entry-type-page post-entry-703'><div class='entry-content-wrapper clearfix'>\n<div class=\"flex_column av_two_third  flex_column_div av-zero-column-padding first  avia-builder-el-10  el_before_av_one_third  avia-builder-el-first  \" style='border-radius:0px; '><p><div  style='padding-bottom:10px; color:#75464a;' class='av-special-heading av-special-heading-h3 custom-color-heading   avia-builder-el-11  el_before_av_textblock  avia-builder-el-first  '><h3 class='av-special-heading-tag '  itemprop=\"headline\"  >Shufa<\/h3><div class='special-heading-border'><div class='special-heading-inner-border' style='border-color:#75464a'><\/div><\/div><\/div><br \/>\n<section class=\"av_textblock_section \"  itemscope=\"itemscope\" itemtype=\"https:\/\/schema.org\/CreativeWork\" ><div class='avia_textblock  '   itemprop=\"text\" ><p><strong>L\u2019Arte calligrafica cinese<\/strong><\/p>\n<p>La natura della lingua scritta \u00e8 in Cina un\u2019arte che, pur usando gli stessi mezzi, pennello ed inchiostro, ha fatto s\u00ec che gli stessi, con la scrittura dei caratteri, entrasse a pieno titolo nella storia della cultura cinese.<br \/>\n\u00c8 una cultura artistica, quella calligrafica cos\u00ec estesa e profondamente radicata nel mondo, che permette di accostarci alla lingua parlata, riconoscendone i segni fondamentali, la struttura grafica, il significato originale, la ricchezza del contenuto. Dietro a questi gesti fondamentali, a prima vista difficili da capire, spesso c\u2019\u00e8 un messaggio, un brano di storia, una briciola di saggezza, una nota di costume, che rievocano a momenti di quiete e alla serenit\u00e0 dell\u2019anima.<\/p>\n<\/div><\/section><\/p><\/div><div class=\"flex_column av_one_third  flex_column_div av-zero-column-padding   avia-builder-el-13  el_after_av_two_third  avia-builder-el-last  \" style='border-radius:0px; '><div  class='avia-image-container  av-styling-    avia-builder-el-14  avia-builder-el-no-sibling  avia-align-center '  itemprop=\"image\" itemscope=\"itemscope\" itemtype=\"https:\/\/schema.org\/ImageObject\"  ><div class='avia-image-container-inner'><div class='avia-image-overlay-wrap'><img decoding=\"async\" class='wp-image-708 avia-img-lazy-loading-not-708 avia_image' src=\"https:\/\/iacma.com\/wp-content\/uploads\/2021\/01\/Calligrafia-Wang-214x300.jpg\" alt='' title='Calligrafia Wang' height=\"300\" width=\"214\"  itemprop=\"thumbnailUrl\" srcset=\"https:\/\/iacma.com\/wp-content\/uploads\/2021\/01\/Calligrafia-Wang-214x300.jpg 214w, https:\/\/iacma.com\/wp-content\/uploads\/2021\/01\/Calligrafia-Wang.jpg 500w\" sizes=\"(max-width: 214px) 100vw, 214px\" \/><\/div><\/div><\/div><\/div>\n<\/p>\n","protected":false},"excerpt":{"rendered":"","protected":false},"author":1,"featured_media":0,"parent":0,"menu_order":0,"comment_status":"closed","ping_status":"closed","template":"","meta":{"_monsterinsights_skip_tracking":false,"_monsterinsights_sitenote_active":false,"_monsterinsights_sitenote_note":"","_monsterinsights_sitenote_category":0,"footnotes":""},"class_list":["post-703","page","type-page","status-publish","hentry"],"yoast_head":"<!-- This site is optimized with the Yoast SEO plugin v23.4 - https:\/\/yoast.com\/wordpress\/plugins\/seo\/ -->\n<title>dona il benessere - Arti Marziali Cinesi in Ticino<\/title>\n<meta name=\"robots\" content=\"index, follow, max-snippet:-1, max-image-preview:large, max-video-preview:-1\" \/>\n<link rel=\"canonical\" href=\"https:\/\/iacma.com\/index.php\/dona-il-benessere\/\" \/>\n<meta property=\"og:locale\" content=\"it_IT\" \/>\n<meta property=\"og:type\" content=\"article\" \/>\n<meta property=\"og:title\" content=\"dona il benessere - Arti Marziali Cinesi in Ticino\" \/>\n<meta property=\"og:url\" content=\"https:\/\/iacma.com\/index.php\/dona-il-benessere\/\" \/>\n<meta property=\"og:site_name\" content=\"Arti Marziali Cinesi in Ticino\" \/>\n<meta property=\"article:modified_time\" content=\"2021-09-11T14:19:12+00:00\" \/>\n<meta name=\"twitter:card\" content=\"summary_large_image\" \/>\n<meta name=\"twitter:label1\" content=\"Tempo di lettura stimato\" \/>\n\t<meta name=\"twitter:data1\" content=\"4 minuti\" \/>\n<script type=\"application\/ld+json\" class=\"yoast-schema-graph\">{\"@context\":\"https:\/\/schema.org\",\"@graph\":[{\"@type\":\"WebPage\",\"@id\":\"https:\/\/iacma.com\/index.php\/dona-il-benessere\/\",\"url\":\"https:\/\/iacma.com\/index.php\/dona-il-benessere\/\",\"name\":\"dona il benessere - Arti Marziali Cinesi in Ticino\",\"isPartOf\":{\"@id\":\"https:\/\/iacma.com\/#website\"},\"datePublished\":\"2021-01-26T15:04:36+00:00\",\"dateModified\":\"2021-09-11T14:19:12+00:00\",\"breadcrumb\":{\"@id\":\"https:\/\/iacma.com\/index.php\/dona-il-benessere\/#breadcrumb\"},\"inLanguage\":\"it-IT\",\"potentialAction\":[{\"@type\":\"ReadAction\",\"target\":[\"https:\/\/iacma.com\/index.php\/dona-il-benessere\/\"]}]},{\"@type\":\"BreadcrumbList\",\"@id\":\"https:\/\/iacma.com\/index.php\/dona-il-benessere\/#breadcrumb\",\"itemListElement\":[{\"@type\":\"ListItem\",\"position\":1,\"name\":\"Home\",\"item\":\"https:\/\/iacma.com\/\"},{\"@type\":\"ListItem\",\"position\":2,\"name\":\"dona il benessere\"}]},{\"@type\":\"WebSite\",\"@id\":\"https:\/\/iacma.com\/#website\",\"url\":\"https:\/\/iacma.com\/\",\"name\":\"Arti Marziali Cinesi in Ticino\",\"description\":\"Arti Marziali Cinesi in Ticino\",\"potentialAction\":[{\"@type\":\"SearchAction\",\"target\":{\"@type\":\"EntryPoint\",\"urlTemplate\":\"https:\/\/iacma.com\/?s={search_term_string}\"},\"query-input\":{\"@type\":\"PropertyValueSpecification\",\"valueRequired\":true,\"valueName\":\"search_term_string\"}}],\"inLanguage\":\"it-IT\"}]}<\/script>\n<!-- \/ Yoast SEO plugin. -->","yoast_head_json":{"title":"dona il benessere - Arti Marziali Cinesi in Ticino","robots":{"index":"index","follow":"follow","max-snippet":"max-snippet:-1","max-image-preview":"max-image-preview:large","max-video-preview":"max-video-preview:-1"},"canonical":"https:\/\/iacma.com\/index.php\/dona-il-benessere\/","og_locale":"it_IT","og_type":"article","og_title":"dona il benessere - Arti Marziali Cinesi in Ticino","og_url":"https:\/\/iacma.com\/index.php\/dona-il-benessere\/","og_site_name":"Arti Marziali Cinesi in Ticino","article_modified_time":"2021-09-11T14:19:12+00:00","twitter_card":"summary_large_image","twitter_misc":{"Tempo di lettura stimato":"4 minuti"},"schema":{"@context":"https:\/\/schema.org","@graph":[{"@type":"WebPage","@id":"https:\/\/iacma.com\/index.php\/dona-il-benessere\/","url":"https:\/\/iacma.com\/index.php\/dona-il-benessere\/","name":"dona il benessere - Arti Marziali Cinesi in Ticino","isPartOf":{"@id":"https:\/\/iacma.com\/#website"},"datePublished":"2021-01-26T15:04:36+00:00","dateModified":"2021-09-11T14:19:12+00:00","breadcrumb":{"@id":"https:\/\/iacma.com\/index.php\/dona-il-benessere\/#breadcrumb"},"inLanguage":"it-IT","potentialAction":[{"@type":"ReadAction","target":["https:\/\/iacma.com\/index.php\/dona-il-benessere\/"]}]},{"@type":"BreadcrumbList","@id":"https:\/\/iacma.com\/index.php\/dona-il-benessere\/#breadcrumb","itemListElement":[{"@type":"ListItem","position":1,"name":"Home","item":"https:\/\/iacma.com\/"},{"@type":"ListItem","position":2,"name":"dona il benessere"}]},{"@type":"WebSite","@id":"https:\/\/iacma.com\/#website","url":"https:\/\/iacma.com\/","name":"Arti Marziali Cinesi in Ticino","description":"Arti Marziali Cinesi in Ticino","potentialAction":[{"@type":"SearchAction","target":{"@type":"EntryPoint","urlTemplate":"https:\/\/iacma.com\/?s={search_term_string}"},"query-input":{"@type":"PropertyValueSpecification","valueRequired":true,"valueName":"search_term_string"}}],"inLanguage":"it-IT"}]}},"_links":{"self":[{"href":"https:\/\/iacma.com\/index.php\/wp-json\/wp\/v2\/pages\/703"}],"collection":[{"href":"https:\/\/iacma.com\/index.php\/wp-json\/wp\/v2\/pages"}],"about":[{"href":"https:\/\/iacma.com\/index.php\/wp-json\/wp\/v2\/types\/page"}],"author":[{"embeddable":true,"href":"https:\/\/iacma.com\/index.php\/wp-json\/wp\/v2\/users\/1"}],"replies":[{"embeddable":true,"href":"https:\/\/iacma.com\/index.php\/wp-json\/wp\/v2\/comments?post=703"}],"version-history":[{"count":3,"href":"https:\/\/iacma.com\/index.php\/wp-json\/wp\/v2\/pages\/703\/revisions"}],"predecessor-version":[{"id":1338,"href":"https:\/\/iacma.com\/index.php\/wp-json\/wp\/v2\/pages\/703\/revisions\/1338"}],"wp:attachment":[{"href":"https:\/\/iacma.com\/index.php\/wp-json\/wp\/v2\/media?parent=703"}],"curies":[{"name":"wp","href":"https:\/\/api.w.org\/{rel}","templated":true}]}}