{"id":718,"date":"2021-01-29T13:55:24","date_gmt":"2021-01-29T13:55:24","guid":{"rendered":"https:\/\/iacma.com\/?page_id=718"},"modified":"2021-01-29T16:50:52","modified_gmt":"2021-01-29T16:50:52","slug":"taijiquan","status":"publish","type":"page","link":"https:\/\/iacma.com\/index.php\/taijiquan\/","title":{"rendered":"taijiquan"},"content":{"rendered":"<div id='full_slider_1'  class='avia-fullwidth-slider main_color avia-shadow   avia-builder-el-0  el_before_av_section  avia-builder-el-first   container_wrap fullsize' style=' '  ><div   data-size='featured'  data-lightbox_size='large'  data-animation='slide'  data-conditional_play=''  data-ids='721'  data-video_counter='0'  data-autoplay='false'  data-bg_slider='false'  data-slide_height=''  data-handle='av_slideshow_full'  data-interval='5'  data-class=' '  data-el_id=''  data-css_id=''  data-scroll_down=''  data-control_layout='av-control-default'  data-custom_markup=''  data-perma_caption=''  data-autoplay_stopper=''  data-image_attachment=''  data-min_height='0px'  data-lazy_loading='disabled'  data-src=''  data-position='top left'  data-repeat='no-repeat'  data-attach='scroll'  data-stretch=''  data-default-height='28.666666666667'  class='avia-slideshow avia-slideshow-1  av-control-default av-default-height-applied avia-slideshow-featured av_slideshow_full   avia-slide-slider '  itemprop=\"image\" itemscope=\"itemscope\" itemtype=\"https:\/\/schema.org\/ImageObject\" ><ul class='avia-slideshow-inner ' style='padding-bottom: 28.2%;' ><li  class=' av-single-slide slide-1 ' ><div data-rel='slideshow-1' class='avia-slide-wrap '   ><img decoding=\"async\" class=\"wp-image-721 avia-img-lazy-loading-not-721\"  src=\"https:\/\/iacma.com\/wp-content\/uploads\/2021\/01\/taijiquan.jpg\" width=\"1500\" height=\"423\" title='taijiquan' alt=''  itemprop=\"thumbnailUrl\" srcset=\"https:\/\/iacma.com\/wp-content\/uploads\/2021\/01\/taijiquan.jpg 1500w, https:\/\/iacma.com\/wp-content\/uploads\/2021\/01\/taijiquan-300x85.jpg 300w, https:\/\/iacma.com\/wp-content\/uploads\/2021\/01\/taijiquan-1030x290.jpg 1030w, https:\/\/iacma.com\/wp-content\/uploads\/2021\/01\/taijiquan-768x217.jpg 768w, https:\/\/iacma.com\/wp-content\/uploads\/2021\/01\/taijiquan-705x199.jpg 705w\" sizes=\"(max-width: 1500px) 100vw, 1500px\" \/><\/div><\/li><\/ul><\/div><\/div>\n<div id='av_section_1'  class='avia-section main_color avia-section-default avia-no-border-styling  avia-bg-style-scroll  avia-builder-el-1  el_after_av_slideshow_full  el_before_av_section   container_wrap fullsize' style=' '  ><div class='container' ><div class='template-page content  av-content-full alpha units'><div class='post-entry post-entry-type-page post-entry-718'><div class='entry-content-wrapper clearfix'>\n<div  style='padding-bottom:10px; ' class='av-special-heading av-special-heading-h1    avia-builder-el-2  avia-builder-el-no-sibling  '><h1 class='av-special-heading-tag '  itemprop=\"headline\"  >Taijiquan<\/h1><div class='special-heading-border'><div class='special-heading-inner-border' ><\/div><\/div><\/div>\n<\/div><\/div><\/div><!-- close content main div --><\/div><\/div><div id='av_section_2'  class='avia-section main_color avia-section-default avia-no-border-styling  avia-bg-style-scroll  avia-builder-el-3  el_after_av_section  el_before_av_section   container_wrap fullsize' style=' '  ><div class='container' ><div class='template-page content  av-content-full alpha units'><div class='post-entry post-entry-type-page post-entry-718'><div class='entry-content-wrapper clearfix'>\n<div class=\"flex_column av_two_third  flex_column_div av-zero-column-padding first  avia-builder-el-4  el_before_av_one_third  avia-builder-el-first  \" style='border-radius:0px; '><p><div  style='padding-bottom:10px; color:#75464a;' class='av-special-heading av-special-heading-h3 custom-color-heading blockquote classic-quote classic-quote-left  avia-builder-el-5  el_before_av_textblock  avia-builder-el-first  '><h3 class='av-special-heading-tag '  itemprop=\"headline\"  >La pratica<\/h3><div class='special-heading-border'><div class='special-heading-inner-border' style='border-color:#75464a'><\/div><\/div><\/div><br \/>\n<section class=\"av_textblock_section \"  itemscope=\"itemscope\" itemtype=\"https:\/\/schema.org\/CreativeWork\" ><div class='avia_textblock  '   itemprop=\"text\" ><p>Conosciuta come l\u2019arte dello spirito primordiale&#8221;, il Taijiquan \u00e8 una disciplina marziale a tutti gli effetti ed in tal senso ne conserva tutti gli aspetti pratico applicativi della difesa, etico-culturali della filosofia cinese e dell\u2019igiene salutistica della MTC.<\/p>\n<blockquote>\n<p>Il Taijiquan, pertanto concentra all\u2019esordio la sua pratica sullo studio anatomico approfondito del movimento, sul corretto uso della respirazione, sull&#8217;apprendimento dei principi scientifici che regolano le funzioni fisiologiche dell&#8217;azione dinamica. In un piano pi\u00f9 approfondito \u00e8 identificabile come la cultura scientifica marziale che pi\u00f9 di altre ha influenzato l&#8217;odierna interpretazione delle discipline Orientali insieme allo Yoga indiano. Al Taijiquan, si fa riferimento anche non mondo scientifico, per le sue peculiarit\u00e0 indirizzate alla preservazione della salute individuale e per tali specificit\u00e0, comprovate nel tempo, \u00e8 stato riconosciuto come patrimonio universale in sede all\u2019UNESCO.<\/p>\n<\/blockquote>\n<p>Disciplina di alto valore culturale \u00e8 con il Gongfu la pi\u00f9 alta specializzazione della IACMA, essendo il M\u00b0 Li Pira il portavoce di un trentennio di esperienze maturata sotto la guida di grandi esperti cinesi. La specificit\u00e0 del sistema di Taijiquan diffuso dall\u2019accademia IACMA \u00e8 quella della \u201cforma dell\u2019acqua\u201d. Un sistema che integra tutte le esperienze pregresse (Chen, Yang, Wu) condensate nei principi che sono la radice univoca dell\u2019arte del Taiji appunto.<\/p>\n<p>La didattica dell\u2019insegnamento ha come obiettivo prioritario quello di divenire nel breve tempo strumento pratico per lo studente. Affinch\u00e9 ci\u00f2 avvenga, l\u2019insegnamento concentra i suoi sforzi integrando in maniera evolutiva i principi dell\u2019arte del Taiji, unitamente alla comprensione del lavoro interno del Qigong e dei canoni filosofici della meditazione. \u00c8 attraverso uno studio peculiare che matura nel rapporto intrinseco fra materia e energia che si muove il linguaggio del Taijiquan, permettendo al praticante di raggiungere un&#8217;elevata comprensione del proprio &#8220;io&#8221; e degli equilibri della natura, per scoprire e sviluppare capacit\u00e0 e potenzialit\u00e0 innate, prima sconosciute.<\/p>\n<blockquote>\n<p>La IACMA, \u00e8 sede europea della scuola della \u201cforma dell\u2019acqua\u201d ed il M\u00b0 Isidoro Li Pira \u00e8 il pi\u00f9 alto esponente responsabile alla formazione demandato dal M\u00b0 Wang Zhixiang. In questo luogo \u00e8 possibile addentrarsi nella formazione continua che permette in seguito di ottenere il massimo riconoscimento in ambito internazionale.<\/p>\n<\/blockquote>\n<\/div><\/section><\/p><\/div><div class=\"flex_column av_one_third  flex_column_div av-zero-column-padding   avia-builder-el-7  el_after_av_two_third  avia-builder-el-last  \" style='border-radius:0px; '><p><div  class='avia-image-container  av-styling-    avia-builder-el-8  el_before_av_textblock  avia-builder-el-first  avia-align-center '  itemprop=\"image\" itemscope=\"itemscope\" itemtype=\"https:\/\/schema.org\/ImageObject\"  ><div class='avia-image-container-inner'><div class='avia-image-overlay-wrap'><img decoding=\"async\" class='wp-image-733 avia-img-lazy-loading-not-733 avia_image' src=\"https:\/\/iacma.com\/wp-content\/uploads\/2021\/01\/Logo-IACMA-cinese-2.png\" alt='' title='Logo-IACMA-cinese-2' height=\"650\" width=\"526\"  itemprop=\"thumbnailUrl\" srcset=\"https:\/\/iacma.com\/wp-content\/uploads\/2021\/01\/Logo-IACMA-cinese-2.png 526w, https:\/\/iacma.com\/wp-content\/uploads\/2021\/01\/Logo-IACMA-cinese-2-243x300.png 243w\" sizes=\"(max-width: 526px) 100vw, 526px\" \/><\/div><\/div><\/div><br \/>\n<section class=\"av_textblock_section \"  itemscope=\"itemscope\" itemtype=\"https:\/\/schema.org\/CreativeWork\" ><div class='avia_textblock  '   itemprop=\"text\" ><p style=\"text-align: center;\">Il logo cinese della Iacma International<\/p>\n<\/div><\/section><br \/>\n<div   class='hr hr-default   avia-builder-el-10  el_after_av_textblock  el_before_av_image '><span class='hr-inner ' ><span class='hr-inner-style'><\/span><\/span><\/div><br \/>\n<div  class='avia-image-container  av-styling-    avia-builder-el-11  el_after_av_hr  avia-builder-el-last  avia-align-center '  itemprop=\"image\" itemscope=\"itemscope\" itemtype=\"https:\/\/schema.org\/ImageObject\"  ><div class='avia-image-container-inner'><div class='avia-image-overlay-wrap'><img decoding=\"async\" class='wp-image-738 avia-img-lazy-loading-not-738 avia_image' src=\"https:\/\/iacma.com\/wp-content\/uploads\/2021\/01\/Taijiquan-Li-Pira.jpg\" alt='' title='Taijiquan Li Pira' height=\"700\" width=\"500\"  itemprop=\"thumbnailUrl\" srcset=\"https:\/\/iacma.com\/wp-content\/uploads\/2021\/01\/Taijiquan-Li-Pira.jpg 500w, https:\/\/iacma.com\/wp-content\/uploads\/2021\/01\/Taijiquan-Li-Pira-214x300.jpg 214w\" sizes=\"(max-width: 500px) 100vw, 500px\" \/><\/div><\/div><\/div><\/p><\/div><\/div><\/div><\/div><!-- close content main div --><\/div><\/div><div id='av_section_3'  class='avia-section main_color avia-section-huge avia-no-border-styling  avia-full-stretch av-section-color-overlay-active avia-bg-style-fixed  avia-builder-el-12  el_after_av_section  el_before_av_section   container_wrap fullsize' style='background-repeat: no-repeat; background-image: url(https:\/\/iacma.com\/wp-content\/uploads\/2021\/01\/Wang-Tuishou-sito.jpg);background-attachment: fixed; background-position: top left;  margin-top:0px; margin-bottom:0px; '  data-section-bg-repeat='stretch'><div class='av-section-color-overlay-wrap'><div class='av-section-color-overlay' style='opacity: 0.1; '><\/div><div class='container' ><div class='template-page content  av-content-full alpha units'><div class='post-entry post-entry-type-page post-entry-718'><div class='entry-content-wrapper clearfix'>\n<\/div><\/div><\/div><!-- close content main div --><\/div><\/div><\/div><div id='av_section_4'  class='avia-section main_color avia-section-default avia-no-border-styling  avia-bg-style-scroll  avia-builder-el-13  el_after_av_section  avia-builder-el-last   container_wrap fullsize' style=' '  ><div class='container' ><div class='template-page content  av-content-full alpha units'><div class='post-entry post-entry-type-page post-entry-718'><div class='entry-content-wrapper clearfix'>\n<div class=\"flex_column av_one_third  flex_column_div av-zero-column-padding first  avia-builder-el-14  el_before_av_two_third  avia-builder-el-first  \" style='border-radius:0px; '><p><div  class='avia-image-container  av-styling-    avia-builder-el-15  el_before_av_hr  avia-builder-el-first  avia-align-center '  itemprop=\"image\" itemscope=\"itemscope\" itemtype=\"https:\/\/schema.org\/ImageObject\"  ><div class='avia-image-container-inner'><div class='avia-image-overlay-wrap'><img decoding=\"async\" class='wp-image-745 avia-img-lazy-loading-not-745 avia_image' src=\"https:\/\/iacma.com\/wp-content\/uploads\/2021\/01\/Wang-Ritratto.jpg\" alt='' title='Wang Ritratto' height=\"700\" width=\"500\"  itemprop=\"thumbnailUrl\" srcset=\"https:\/\/iacma.com\/wp-content\/uploads\/2021\/01\/Wang-Ritratto.jpg 500w, https:\/\/iacma.com\/wp-content\/uploads\/2021\/01\/Wang-Ritratto-214x300.jpg 214w\" sizes=\"(max-width: 500px) 100vw, 500px\" \/><\/div><\/div><\/div><br \/>\n<div   class='hr hr-default   avia-builder-el-16  el_after_av_image  el_before_av_image '><span class='hr-inner ' ><span class='hr-inner-style'><\/span><\/span><\/div><br \/>\n<div  class='avia-image-container  av-styling-    avia-builder-el-17  el_after_av_hr  avia-builder-el-last  avia-align-center '  itemprop=\"image\" itemscope=\"itemscope\" itemtype=\"https:\/\/schema.org\/ImageObject\"  ><div class='avia-image-container-inner'><div class='avia-image-overlay-wrap'><img decoding=\"async\" class='wp-image-748 avia-img-lazy-loading-not-748 avia_image' src=\"https:\/\/iacma.com\/wp-content\/uploads\/2021\/01\/Lignaggio-Wang-scaled.jpg\" alt='' title='Lignaggio Wang' height=\"2560\" width=\"1768\"  itemprop=\"thumbnailUrl\" srcset=\"https:\/\/iacma.com\/wp-content\/uploads\/2021\/01\/Lignaggio-Wang-scaled.jpg 1768w, https:\/\/iacma.com\/wp-content\/uploads\/2021\/01\/Lignaggio-Wang-207x300.jpg 207w, https:\/\/iacma.com\/wp-content\/uploads\/2021\/01\/Lignaggio-Wang-711x1030.jpg 711w, https:\/\/iacma.com\/wp-content\/uploads\/2021\/01\/Lignaggio-Wang-768x1112.jpg 768w, https:\/\/iacma.com\/wp-content\/uploads\/2021\/01\/Lignaggio-Wang-1061x1536.jpg 1061w, https:\/\/iacma.com\/wp-content\/uploads\/2021\/01\/Lignaggio-Wang-1415x2048.jpg 1415w, https:\/\/iacma.com\/wp-content\/uploads\/2021\/01\/Lignaggio-Wang-1036x1500.jpg 1036w, https:\/\/iacma.com\/wp-content\/uploads\/2021\/01\/Lignaggio-Wang-487x705.jpg 487w\" sizes=\"(max-width: 1768px) 100vw, 1768px\" \/><\/div><\/div><\/div><\/p><\/div><div class=\"flex_column av_two_third  flex_column_div av-zero-column-padding   avia-builder-el-18  el_after_av_one_third  avia-builder-el-last  \" style='border-radius:0px; '><p><div  style='padding-bottom:10px; color:#75464a;' class='av-special-heading av-special-heading-h3 custom-color-heading blockquote classic-quote classic-quote-left  avia-builder-el-19  el_before_av_textblock  avia-builder-el-first  '><h3 class='av-special-heading-tag '  itemprop=\"headline\"  >La scuola della forma dell\u2019acqua: il lignaggio e il M\u00b0 Wang Zhixiang<\/h3><div class='special-heading-border'><div class='special-heading-inner-border' style='border-color:#75464a'><\/div><\/div><\/div><br \/>\n<section class=\"av_textblock_section \"  itemscope=\"itemscope\" itemtype=\"https:\/\/schema.org\/CreativeWork\" ><div class='avia_textblock  '   itemprop=\"text\" ><p lang=\"it-IT\"><span style=\"color: #000000;\"><span style=\"font-family: Arial, sans-serif;\"><span style=\"font-size: medium;\">La nostra scuola \u00e8 stata profondamente influenzata dall\u2019incontro con il Maestro Wang Zhixiang nei primi anni del duemila, fedele agli insegnamenti ricevuti dal suo ultimo e prezioso maestro Wang Zhanghong, \u00e8 ad oggi il caposcuola della \u201cScuola dell\u2019a forma dell\u2019acqua\u201d, scuola che si contraddistingue per la capacit\u00e0 di trascendere qualunque distinzione didattica derivante dai diversi stili del Taijiquan, permettendo cos\u00ec un pi\u00f9 libero accesso alla conoscenza di tale disciplina. La scuola della forma dell\u2019acqua fa, per l\u2019appunto, riferimento all\u2019elemento naturale che rievoca l\u2019immagine di un mondo in continua e costante trasformazione, capace di esprimere forza e morbidezza al tempo stesso senza per questo mutare la sua forma.<\/span><\/span><\/span><\/p>\n<blockquote>\n<p lang=\"it-IT\"><span style=\"color: #000000;\"><span style=\"font-family: Arial, sans-serif;\"><span style=\"font-size: medium;\">Il M\u00b0 Wang Zhanhong, \u00e8 stato un grande critico d\u2019arte, studioso della filosofia Buddista e prestigioso Maestro di arti marziali, quali Xingyi Quan, Bagua Quan e Taijiquan. La sua esperienza e la sua determinazione lo hanno reso famoso, sia in Cina e Indonesia, come pure negli Stati Uniti, dove \u00e8 stato encomiato ufficialmente alla Casa Bianca dall\u2019allora Presidente Regan. Dalla sua vasta esperienza, il M\u00b0 Wang ZH \u00e8 stato in grado di elaborare un sistema integrale di Taijiquan, nel quale tutti gli stili, nella coerenza dei principi, traspaiono e si integrano senza mai determinare un\u2019identit\u00e0 discriminante, ma lasciando che ogni esperienza trovi luogo di esistere nell\u2019evoluzione di principi qualitativi.<\/span><\/span><\/span><\/p>\n<\/blockquote>\n<p lang=\"it-IT\"><span style=\"color: #000000;\"><span style=\"font-family: Arial, sans-serif;\"><span style=\"font-size: medium;\">Tutto ci\u00f2 richiede un grande ed intenso lavoro, indirizzato a ripulire il corpo e disarmare la mente, affinch\u00e9 si possa comprendere che la vacuit\u00e0 (il vuoto) sta all\u2019origine dell\u2019attivit\u00e0 e della coscienza.<\/span><\/span><\/span><\/p>\n<blockquote>\n<p lang=\"it-IT\"><span style=\"color: #000000;\"><span style=\"font-family: Arial, sans-serif;\"><span style=\"font-size: medium;\">Il Maestro Wang Zhixiang, dal canto suo, \u00e8 dottore in Medicina Tradizionale Cinese (MTC), con specializzazione nel massaggio curativo Neigong Tuina, laureatosi sotto la guida del dott. Lee Yanfong, a sua volta primo studente del dott. Lu Shouyan che \u00e8 stato la massima autorit\u00e0 autorizzata alla formazione dei medici specializzati in MTC dopo la Rivoluzione Culturale. Rinomato studioso della cultura e della filosofia cinese, il Dr. Wang \u00e8 anche un accreditato Maestro di calligrafia, oltre che delle arti marziali tradizionali interne (Xingyi, Taiji -Yang e Wu, e Qi Gong medico e marziale). Nella sua nazione d\u2019origine ricopre oltre alla carica di Vice-presidente dell\u2019Associazione delle Arti Marziali di Shangai, caposcuola riconosciuto per quella che ad oggi viene riconosciuta come la sesta corrente degli stili di Taijiquan, \u201cChen, Yang, Wu, He, Sun, appunto della \u201cforma dell\u2019acqua\u201d.<\/span><\/span><\/span><\/p>\n<\/blockquote>\n<\/div><\/section><\/p><\/div><\/p>\n","protected":false},"excerpt":{"rendered":"","protected":false},"author":1,"featured_media":0,"parent":0,"menu_order":0,"comment_status":"closed","ping_status":"closed","template":"","meta":{"_monsterinsights_skip_tracking":false,"_monsterinsights_sitenote_active":false,"_monsterinsights_sitenote_note":"","_monsterinsights_sitenote_category":0,"footnotes":""},"class_list":["post-718","page","type-page","status-publish","hentry"],"yoast_head":"<!-- This site is optimized with the Yoast SEO plugin v27.3 - https:\/\/yoast.com\/product\/yoast-seo-wordpress\/ -->\n<title>taijiquan - Arti Marziali Cinesi in Ticino<\/title>\n<meta name=\"robots\" content=\"index, follow, max-snippet:-1, max-image-preview:large, max-video-preview:-1\" \/>\n<link rel=\"canonical\" href=\"https:\/\/iacma.com\/index.php\/taijiquan\/\" \/>\n<meta property=\"og:locale\" content=\"it_IT\" \/>\n<meta property=\"og:type\" content=\"article\" \/>\n<meta property=\"og:title\" content=\"taijiquan - Arti Marziali Cinesi in Ticino\" \/>\n<meta property=\"og:url\" content=\"https:\/\/iacma.com\/index.php\/taijiquan\/\" \/>\n<meta property=\"og:site_name\" content=\"Arti Marziali Cinesi in Ticino\" \/>\n<meta property=\"article:modified_time\" content=\"2021-01-29T16:50:52+00:00\" \/>\n<meta name=\"twitter:card\" content=\"summary_large_image\" \/>\n<meta name=\"twitter:label1\" content=\"Tempo di lettura stimato\" \/>\n\t<meta name=\"twitter:data1\" content=\"7 minuti\" \/>\n<script type=\"application\/ld+json\" class=\"yoast-schema-graph\">{\"@context\":\"https:\\\/\\\/schema.org\",\"@graph\":[{\"@type\":\"WebPage\",\"@id\":\"https:\\\/\\\/iacma.com\\\/index.php\\\/taijiquan\\\/\",\"url\":\"https:\\\/\\\/iacma.com\\\/index.php\\\/taijiquan\\\/\",\"name\":\"taijiquan - Arti Marziali Cinesi in Ticino\",\"isPartOf\":{\"@id\":\"https:\\\/\\\/iacma.com\\\/#website\"},\"datePublished\":\"2021-01-29T13:55:24+00:00\",\"dateModified\":\"2021-01-29T16:50:52+00:00\",\"breadcrumb\":{\"@id\":\"https:\\\/\\\/iacma.com\\\/index.php\\\/taijiquan\\\/#breadcrumb\"},\"inLanguage\":\"it-IT\",\"potentialAction\":[{\"@type\":\"ReadAction\",\"target\":[\"https:\\\/\\\/iacma.com\\\/index.php\\\/taijiquan\\\/\"]}]},{\"@type\":\"BreadcrumbList\",\"@id\":\"https:\\\/\\\/iacma.com\\\/index.php\\\/taijiquan\\\/#breadcrumb\",\"itemListElement\":[{\"@type\":\"ListItem\",\"position\":1,\"name\":\"Home\",\"item\":\"https:\\\/\\\/iacma.com\\\/\"},{\"@type\":\"ListItem\",\"position\":2,\"name\":\"taijiquan\"}]},{\"@type\":\"WebSite\",\"@id\":\"https:\\\/\\\/iacma.com\\\/#website\",\"url\":\"https:\\\/\\\/iacma.com\\\/\",\"name\":\"Arti Marziali Cinesi in Ticino\",\"description\":\"Arti Marziali Cinesi in Ticino\",\"potentialAction\":[{\"@type\":\"SearchAction\",\"target\":{\"@type\":\"EntryPoint\",\"urlTemplate\":\"https:\\\/\\\/iacma.com\\\/?s={search_term_string}\"},\"query-input\":{\"@type\":\"PropertyValueSpecification\",\"valueRequired\":true,\"valueName\":\"search_term_string\"}}],\"inLanguage\":\"it-IT\"}]}<\/script>\n<!-- \/ Yoast SEO plugin. -->","yoast_head_json":{"title":"taijiquan - Arti Marziali Cinesi in Ticino","robots":{"index":"index","follow":"follow","max-snippet":"max-snippet:-1","max-image-preview":"max-image-preview:large","max-video-preview":"max-video-preview:-1"},"canonical":"https:\/\/iacma.com\/index.php\/taijiquan\/","og_locale":"it_IT","og_type":"article","og_title":"taijiquan - Arti Marziali Cinesi in Ticino","og_url":"https:\/\/iacma.com\/index.php\/taijiquan\/","og_site_name":"Arti Marziali Cinesi in Ticino","article_modified_time":"2021-01-29T16:50:52+00:00","twitter_card":"summary_large_image","twitter_misc":{"Tempo di lettura stimato":"7 minuti"},"schema":{"@context":"https:\/\/schema.org","@graph":[{"@type":"WebPage","@id":"https:\/\/iacma.com\/index.php\/taijiquan\/","url":"https:\/\/iacma.com\/index.php\/taijiquan\/","name":"taijiquan - Arti Marziali Cinesi in Ticino","isPartOf":{"@id":"https:\/\/iacma.com\/#website"},"datePublished":"2021-01-29T13:55:24+00:00","dateModified":"2021-01-29T16:50:52+00:00","breadcrumb":{"@id":"https:\/\/iacma.com\/index.php\/taijiquan\/#breadcrumb"},"inLanguage":"it-IT","potentialAction":[{"@type":"ReadAction","target":["https:\/\/iacma.com\/index.php\/taijiquan\/"]}]},{"@type":"BreadcrumbList","@id":"https:\/\/iacma.com\/index.php\/taijiquan\/#breadcrumb","itemListElement":[{"@type":"ListItem","position":1,"name":"Home","item":"https:\/\/iacma.com\/"},{"@type":"ListItem","position":2,"name":"taijiquan"}]},{"@type":"WebSite","@id":"https:\/\/iacma.com\/#website","url":"https:\/\/iacma.com\/","name":"Arti Marziali Cinesi in Ticino","description":"Arti Marziali Cinesi in Ticino","potentialAction":[{"@type":"SearchAction","target":{"@type":"EntryPoint","urlTemplate":"https:\/\/iacma.com\/?s={search_term_string}"},"query-input":{"@type":"PropertyValueSpecification","valueRequired":true,"valueName":"search_term_string"}}],"inLanguage":"it-IT"}]}},"_links":{"self":[{"href":"https:\/\/iacma.com\/index.php\/wp-json\/wp\/v2\/pages\/718","targetHints":{"allow":["GET"]}}],"collection":[{"href":"https:\/\/iacma.com\/index.php\/wp-json\/wp\/v2\/pages"}],"about":[{"href":"https:\/\/iacma.com\/index.php\/wp-json\/wp\/v2\/types\/page"}],"author":[{"embeddable":true,"href":"https:\/\/iacma.com\/index.php\/wp-json\/wp\/v2\/users\/1"}],"replies":[{"embeddable":true,"href":"https:\/\/iacma.com\/index.php\/wp-json\/wp\/v2\/comments?post=718"}],"version-history":[{"count":20,"href":"https:\/\/iacma.com\/index.php\/wp-json\/wp\/v2\/pages\/718\/revisions"}],"predecessor-version":[{"id":842,"href":"https:\/\/iacma.com\/index.php\/wp-json\/wp\/v2\/pages\/718\/revisions\/842"}],"wp:attachment":[{"href":"https:\/\/iacma.com\/index.php\/wp-json\/wp\/v2\/media?parent=718"}],"curies":[{"name":"wp","href":"https:\/\/api.w.org\/{rel}","templated":true}]}}