{"id":785,"date":"2021-02-02T14:29:15","date_gmt":"2021-02-02T14:29:15","guid":{"rendered":"https:\/\/iacma.com\/?page_id=785"},"modified":"2021-02-02T14:29:16","modified_gmt":"2021-02-02T14:29:16","slug":"gong-fu-wu-shu","status":"publish","type":"page","link":"https:\/\/iacma.com\/index.php\/gong-fu-wu-shu\/","title":{"rendered":"gong fu wu shu"},"content":{"rendered":"<div id='full_slider_1'  class='avia-fullwidth-slider main_color avia-shadow   avia-builder-el-0  el_before_av_section  avia-builder-el-first   container_wrap fullsize' style=' '  ><div   data-size='featured'  data-lightbox_size='large'  data-animation='slide'  data-conditional_play=''  data-ids='786'  data-video_counter='0'  data-autoplay='false'  data-bg_slider='false'  data-slide_height=''  data-handle='av_slideshow_full'  data-interval='5'  data-class=' '  data-el_id=''  data-css_id=''  data-scroll_down=''  data-control_layout='av-control-default'  data-custom_markup=''  data-perma_caption=''  data-autoplay_stopper=''  data-image_attachment=''  data-min_height='0px'  data-lazy_loading='disabled'  data-src=''  data-position='top left'  data-repeat='no-repeat'  data-attach='scroll'  data-stretch=''  data-default-height='28.666666666667'  class='avia-slideshow avia-slideshow-1  av-control-default av-default-height-applied avia-slideshow-featured av_slideshow_full   avia-slide-slider '  itemprop=\"image\" itemscope=\"itemscope\" itemtype=\"https:\/\/schema.org\/ImageObject\" ><ul class='avia-slideshow-inner ' style='padding-bottom: 28.666666666667%;' ><li  class=' av-single-slide slide-1 ' ><div data-rel='slideshow-1' class='avia-slide-wrap '   ><img decoding=\"async\" class=\"wp-image-786 avia-img-lazy-loading-not-786\"  src=\"https:\/\/iacma.com\/wp-content\/uploads\/2021\/02\/gong-fu-slider-1500x430.jpg\" width=\"1500\" height=\"430\" title='gong fu slider' alt=''  itemprop=\"thumbnailUrl\" srcset=\"https:\/\/iacma.com\/wp-content\/uploads\/2021\/02\/gong-fu-slider.jpg 1500w, https:\/\/iacma.com\/wp-content\/uploads\/2021\/02\/gong-fu-slider-300x86.jpg 300w, https:\/\/iacma.com\/wp-content\/uploads\/2021\/02\/gong-fu-slider-1030x295.jpg 1030w, https:\/\/iacma.com\/wp-content\/uploads\/2021\/02\/gong-fu-slider-768x220.jpg 768w, https:\/\/iacma.com\/wp-content\/uploads\/2021\/02\/gong-fu-slider-705x202.jpg 705w\" sizes=\"(max-width: 1500px) 100vw, 1500px\" \/><\/div><\/li><\/ul><\/div><\/div>\n<div id='av_section_1'  class='avia-section main_color avia-section-default avia-no-border-styling  avia-bg-style-scroll  avia-builder-el-1  el_after_av_slideshow_full  el_before_av_section   container_wrap fullsize' style=' '  ><div class='container' ><div class='template-page content  av-content-full alpha units'><div class='post-entry post-entry-type-page post-entry-785'><div class='entry-content-wrapper clearfix'>\n<div  style='padding-bottom:10px; ' class='av-special-heading av-special-heading-h1    avia-builder-el-2  avia-builder-el-no-sibling  '><h1 class='av-special-heading-tag '  itemprop=\"headline\"  >Gong Fu Wu Shu (Kung Fu moderno)<\/h1><div class='special-heading-border'><div class='special-heading-inner-border' ><\/div><\/div><\/div>\n<\/div><\/div><\/div><!-- close content main div --><\/div><\/div><div id='av_section_2'  class='avia-section main_color avia-section-default avia-no-border-styling  avia-bg-style-scroll  avia-builder-el-3  el_after_av_section  avia-builder-el-last   container_wrap fullsize' style=' '  ><div class='container' ><div class='template-page content  av-content-full alpha units'><div class='post-entry post-entry-type-page post-entry-785'><div class='entry-content-wrapper clearfix'>\n<div class=\"flex_column av_two_third  flex_column_div av-zero-column-padding first  avia-builder-el-4  el_before_av_one_third  avia-builder-el-first  \" style='border-radius:0px; '><section class=\"av_textblock_section \"  itemscope=\"itemscope\" itemtype=\"https:\/\/schema.org\/CreativeWork\" ><div class='avia_textblock  '   itemprop=\"text\" ><p>\u00c8 la pi\u00f9 moderna interpretazione delle arti marziali cinesi, sintesi ideale tra gli stili originari del nord della Cina, caratterizzati da tecniche fluide e movimenti veloci e precisi, e quelli meridionali, che danno massimo impulso alle tecniche di combattimento ravvicinato.<\/p>\n<blockquote>\n<p>Si tratta principalmente di una forma d\u2019arte, paragonabile per certi versi alle discipline circensi cinesi, pi\u00f9 che ad una disciplina da combattimento, ma \u00e8 proprio questo che la rende straordinaria nell\u2019immediato immaginario.<\/p>\n<\/blockquote>\n<p>L&#8217;accademia IACMA, ha consolidato la propria esperienza ventennale nell&#8217;insegnamento delle arti marziali ai bambini, tenendo conto delle doti naturali e adattive del bambino, che pu\u00f2 inserirsi nel gruppo dall\u2019et\u00e0 di quattro anni. Da quest\u2019et\u00e0, il programma \u00e8 proposto in forma di gioco marziale per educare il bambino a scoprire le sue potenzialit\u00e0 dinamiche nello spazio ambientale. In seguito, giunto all\u2019et\u00e0 scolastica, l\u2019insegnamento \u00e8 indirizzato al controllo delle sue energie e cos\u00ec infondere il ragazzo all\u2018autodisciplina. Da quel momento, acquisite le basi per una corretta evoluzione a salvaguardia della sua crescita psico-fisica, l\u2019ormai studente di Wushu esplora a tutto campo la ricchezza e la straordinariet\u00e0 di quest\u2019arte. Il programma del Wushu che si attiene alle direttive didattiche dell\u2019\u201dIWF\u201d (International Wushu Federation), \u00e8 vasto e completo. Comprende:<br \/>\nesercizi a corpo libero, a solo, o con le armi tradizionali nelle sequenze, cos\u00ec dette \u201cDao Lu\u201d, indispensabili per comprendere la funzione della velocit\u00e0 e della forza dinamica;<\/p>\n<ul>\n<li>\nil lavoro con la lotta codificata, per aiutare il ragazzo a comprendere il valore ed il rispetto per il ruolo del corpo nel confronto e cos\u00ec educarlo al valore di quel \u201cs\u00e9\u201d, univoco nelle discipline marziali, che si dissocia in maniera determinante con il concetto agonistico volto esclusivamente al prevalere nel risultato, comune agli sport Occidentali;<\/li>\n<li>\ngli esercizi applicativi, anch\u2019essi a corpo libero, o con le armi tradizionali, speciali e di estrema importanza per la crescita armonica della struttura corporea, in special modo nell\u2019et\u00e0 adolescenziale;<\/li>\n<li>\nesercizi psico energetici e meditativi relativi allo sviluppo del potenziale resiliente nella mente, che inducono ad una migliore concentrazione, controllo emotivo, autostima e gestione relazionale.<\/li>\n<\/ul>\n<p>Studio fondamentale della lingua e della calligrafia, come culture integrative indirizzate ad aprire percorsi esplorativi durante la propria crescita formativa nella pratica del Wushu.<\/p>\n<blockquote>\n<p>La scuola prevede per lo studente due percorsi, quello amatoriale e quello formativo. Quest\u2019ultimo \u00e8 un percorso che oltre a fornire grandi doti didattiche e culturali integrate, conduce ad esperienze di studio direttamente in Cina e\/o all\u2019abilitazione professionale delle esperienze maturate.<\/p>\n<\/blockquote>\n<\/div><\/section><\/div><div class=\"flex_column av_one_third  flex_column_div av-zero-column-padding   avia-builder-el-6  el_after_av_two_third  avia-builder-el-last  \" style='border-radius:0px; '><div  class='avia-image-container  av-styling-    avia-builder-el-7  avia-builder-el-no-sibling  avia-align-center '  itemprop=\"image\" itemscope=\"itemscope\" itemtype=\"https:\/\/schema.org\/ImageObject\"  ><div class='avia-image-container-inner'><div class='avia-image-overlay-wrap'><img decoding=\"async\" class='wp-image-787 avia-img-lazy-loading-not-787 avia_image' src=\"https:\/\/iacma.com\/wp-content\/uploads\/2021\/02\/Wushu-3-676x1030.jpg\" alt='' title='Wushu (3)' height=\"1030\" width=\"676\"  itemprop=\"thumbnailUrl\" srcset=\"https:\/\/iacma.com\/wp-content\/uploads\/2021\/02\/Wushu-3-676x1030.jpg 676w, https:\/\/iacma.com\/wp-content\/uploads\/2021\/02\/Wushu-3-197x300.jpg 197w, https:\/\/iacma.com\/wp-content\/uploads\/2021\/02\/Wushu-3-768x1171.jpg 768w, https:\/\/iacma.com\/wp-content\/uploads\/2021\/02\/Wushu-3-1008x1536.jpg 1008w, https:\/\/iacma.com\/wp-content\/uploads\/2021\/02\/Wushu-3-1344x2048.jpg 1344w, https:\/\/iacma.com\/wp-content\/uploads\/2021\/02\/Wushu-3-984x1500.jpg 984w, https:\/\/iacma.com\/wp-content\/uploads\/2021\/02\/Wushu-3-463x705.jpg 463w, https:\/\/iacma.com\/wp-content\/uploads\/2021\/02\/Wushu-3-scaled.jpg 1679w\" sizes=\"(max-width: 676px) 100vw, 676px\" \/><\/div><\/div><\/div><\/div><\/p>\n","protected":false},"excerpt":{"rendered":"","protected":false},"author":1,"featured_media":0,"parent":0,"menu_order":0,"comment_status":"closed","ping_status":"closed","template":"","meta":{"_monsterinsights_skip_tracking":false,"_monsterinsights_sitenote_active":false,"_monsterinsights_sitenote_note":"","_monsterinsights_sitenote_category":0,"footnotes":""},"class_list":["post-785","page","type-page","status-publish","hentry"],"yoast_head":"<!-- This site is optimized with the Yoast SEO plugin v23.4 - https:\/\/yoast.com\/wordpress\/plugins\/seo\/ -->\n<title>gong fu wu shu - Arti Marziali Cinesi in Ticino<\/title>\n<meta name=\"robots\" content=\"index, follow, max-snippet:-1, max-image-preview:large, max-video-preview:-1\" \/>\n<link rel=\"canonical\" href=\"https:\/\/iacma.com\/index.php\/gong-fu-wu-shu\/\" \/>\n<meta property=\"og:locale\" content=\"it_IT\" \/>\n<meta property=\"og:type\" content=\"article\" \/>\n<meta property=\"og:title\" content=\"gong fu wu shu - Arti Marziali Cinesi in Ticino\" \/>\n<meta property=\"og:url\" content=\"https:\/\/iacma.com\/index.php\/gong-fu-wu-shu\/\" \/>\n<meta property=\"og:site_name\" content=\"Arti Marziali Cinesi in Ticino\" \/>\n<meta property=\"article:modified_time\" content=\"2021-02-02T14:29:16+00:00\" \/>\n<meta name=\"twitter:card\" content=\"summary_large_image\" \/>\n<meta name=\"twitter:label1\" content=\"Tempo di lettura stimato\" \/>\n\t<meta name=\"twitter:data1\" content=\"4 minuti\" \/>\n<script type=\"application\/ld+json\" class=\"yoast-schema-graph\">{\"@context\":\"https:\/\/schema.org\",\"@graph\":[{\"@type\":\"WebPage\",\"@id\":\"https:\/\/iacma.com\/index.php\/gong-fu-wu-shu\/\",\"url\":\"https:\/\/iacma.com\/index.php\/gong-fu-wu-shu\/\",\"name\":\"gong fu wu shu - Arti Marziali Cinesi in Ticino\",\"isPartOf\":{\"@id\":\"https:\/\/iacma.com\/#website\"},\"datePublished\":\"2021-02-02T14:29:15+00:00\",\"dateModified\":\"2021-02-02T14:29:16+00:00\",\"breadcrumb\":{\"@id\":\"https:\/\/iacma.com\/index.php\/gong-fu-wu-shu\/#breadcrumb\"},\"inLanguage\":\"it-IT\",\"potentialAction\":[{\"@type\":\"ReadAction\",\"target\":[\"https:\/\/iacma.com\/index.php\/gong-fu-wu-shu\/\"]}]},{\"@type\":\"BreadcrumbList\",\"@id\":\"https:\/\/iacma.com\/index.php\/gong-fu-wu-shu\/#breadcrumb\",\"itemListElement\":[{\"@type\":\"ListItem\",\"position\":1,\"name\":\"Home\",\"item\":\"https:\/\/iacma.com\/\"},{\"@type\":\"ListItem\",\"position\":2,\"name\":\"gong fu wu shu\"}]},{\"@type\":\"WebSite\",\"@id\":\"https:\/\/iacma.com\/#website\",\"url\":\"https:\/\/iacma.com\/\",\"name\":\"Arti Marziali Cinesi in Ticino\",\"description\":\"Arti Marziali Cinesi in Ticino\",\"potentialAction\":[{\"@type\":\"SearchAction\",\"target\":{\"@type\":\"EntryPoint\",\"urlTemplate\":\"https:\/\/iacma.com\/?s={search_term_string}\"},\"query-input\":{\"@type\":\"PropertyValueSpecification\",\"valueRequired\":true,\"valueName\":\"search_term_string\"}}],\"inLanguage\":\"it-IT\"}]}<\/script>\n<!-- \/ Yoast SEO plugin. -->","yoast_head_json":{"title":"gong fu wu shu - Arti Marziali Cinesi in Ticino","robots":{"index":"index","follow":"follow","max-snippet":"max-snippet:-1","max-image-preview":"max-image-preview:large","max-video-preview":"max-video-preview:-1"},"canonical":"https:\/\/iacma.com\/index.php\/gong-fu-wu-shu\/","og_locale":"it_IT","og_type":"article","og_title":"gong fu wu shu - Arti Marziali Cinesi in Ticino","og_url":"https:\/\/iacma.com\/index.php\/gong-fu-wu-shu\/","og_site_name":"Arti Marziali Cinesi in Ticino","article_modified_time":"2021-02-02T14:29:16+00:00","twitter_card":"summary_large_image","twitter_misc":{"Tempo di lettura stimato":"4 minuti"},"schema":{"@context":"https:\/\/schema.org","@graph":[{"@type":"WebPage","@id":"https:\/\/iacma.com\/index.php\/gong-fu-wu-shu\/","url":"https:\/\/iacma.com\/index.php\/gong-fu-wu-shu\/","name":"gong fu wu shu - Arti Marziali Cinesi in Ticino","isPartOf":{"@id":"https:\/\/iacma.com\/#website"},"datePublished":"2021-02-02T14:29:15+00:00","dateModified":"2021-02-02T14:29:16+00:00","breadcrumb":{"@id":"https:\/\/iacma.com\/index.php\/gong-fu-wu-shu\/#breadcrumb"},"inLanguage":"it-IT","potentialAction":[{"@type":"ReadAction","target":["https:\/\/iacma.com\/index.php\/gong-fu-wu-shu\/"]}]},{"@type":"BreadcrumbList","@id":"https:\/\/iacma.com\/index.php\/gong-fu-wu-shu\/#breadcrumb","itemListElement":[{"@type":"ListItem","position":1,"name":"Home","item":"https:\/\/iacma.com\/"},{"@type":"ListItem","position":2,"name":"gong fu wu shu"}]},{"@type":"WebSite","@id":"https:\/\/iacma.com\/#website","url":"https:\/\/iacma.com\/","name":"Arti Marziali Cinesi in Ticino","description":"Arti Marziali Cinesi in Ticino","potentialAction":[{"@type":"SearchAction","target":{"@type":"EntryPoint","urlTemplate":"https:\/\/iacma.com\/?s={search_term_string}"},"query-input":{"@type":"PropertyValueSpecification","valueRequired":true,"valueName":"search_term_string"}}],"inLanguage":"it-IT"}]}},"_links":{"self":[{"href":"https:\/\/iacma.com\/index.php\/wp-json\/wp\/v2\/pages\/785"}],"collection":[{"href":"https:\/\/iacma.com\/index.php\/wp-json\/wp\/v2\/pages"}],"about":[{"href":"https:\/\/iacma.com\/index.php\/wp-json\/wp\/v2\/types\/page"}],"author":[{"embeddable":true,"href":"https:\/\/iacma.com\/index.php\/wp-json\/wp\/v2\/users\/1"}],"replies":[{"embeddable":true,"href":"https:\/\/iacma.com\/index.php\/wp-json\/wp\/v2\/comments?post=785"}],"version-history":[{"count":1,"href":"https:\/\/iacma.com\/index.php\/wp-json\/wp\/v2\/pages\/785\/revisions"}],"predecessor-version":[{"id":788,"href":"https:\/\/iacma.com\/index.php\/wp-json\/wp\/v2\/pages\/785\/revisions\/788"}],"wp:attachment":[{"href":"https:\/\/iacma.com\/index.php\/wp-json\/wp\/v2\/media?parent=785"}],"curies":[{"name":"wp","href":"https:\/\/api.w.org\/{rel}","templated":true}]}}