{"id":812,"date":"2021-02-02T16:02:22","date_gmt":"2021-02-02T16:02:22","guid":{"rendered":"https:\/\/iacma.com\/?page_id=812"},"modified":"2021-02-02T16:02:59","modified_gmt":"2021-02-02T16:02:59","slug":"shufa","status":"publish","type":"page","link":"https:\/\/iacma.com\/index.php\/shufa\/","title":{"rendered":"shufa"},"content":{"rendered":"<div id='full_slider_1'  class='avia-fullwidth-slider main_color avia-shadow   avia-builder-el-0  el_before_av_section  avia-builder-el-first   container_wrap fullsize' style=' '  ><div   data-size='featured'  data-lightbox_size='large'  data-animation='slide'  data-conditional_play=''  data-ids='813'  data-video_counter='0'  data-autoplay='false'  data-bg_slider='false'  data-slide_height=''  data-handle='av_slideshow_full'  data-interval='5'  data-class=' '  data-el_id=''  data-css_id=''  data-scroll_down=''  data-control_layout='av-control-default'  data-custom_markup=''  data-perma_caption=''  data-autoplay_stopper=''  data-image_attachment=''  data-min_height='0px'  data-lazy_loading='disabled'  data-src=''  data-position='top left'  data-repeat='no-repeat'  data-attach='scroll'  data-stretch=''  data-default-height='28.666666666667'  class='avia-slideshow avia-slideshow-1  av-control-default av-default-height-applied avia-slideshow-featured av_slideshow_full   avia-slide-slider '  itemprop=\"image\" itemscope=\"itemscope\" itemtype=\"https:\/\/schema.org\/ImageObject\" ><ul class='avia-slideshow-inner ' style='padding-bottom: 28.666666666667%;' ><li  class=' av-single-slide slide-1 ' ><div data-rel='slideshow-1' class='avia-slide-wrap '   ><img decoding=\"async\" class=\"wp-image-813 avia-img-lazy-loading-not-813\"  src=\"https:\/\/iacma.com\/wp-content\/uploads\/2021\/02\/Calligrafia-1-1500x430.jpg\" width=\"1500\" height=\"430\" title='Calligrafia 1' alt=''  itemprop=\"thumbnailUrl\" srcset=\"https:\/\/iacma.com\/wp-content\/uploads\/2021\/02\/Calligrafia-1.jpg 1500w, https:\/\/iacma.com\/wp-content\/uploads\/2021\/02\/Calligrafia-1-300x86.jpg 300w, https:\/\/iacma.com\/wp-content\/uploads\/2021\/02\/Calligrafia-1-1030x295.jpg 1030w, https:\/\/iacma.com\/wp-content\/uploads\/2021\/02\/Calligrafia-1-768x220.jpg 768w, https:\/\/iacma.com\/wp-content\/uploads\/2021\/02\/Calligrafia-1-705x202.jpg 705w\" sizes=\"(max-width: 1500px) 100vw, 1500px\" \/><\/div><\/li><\/ul><\/div><\/div>\n<div id='av_section_1'  class='avia-section main_color avia-section-default avia-no-border-styling  avia-bg-style-scroll  avia-builder-el-1  el_after_av_slideshow_full  el_before_av_section   container_wrap fullsize' style=' '  ><div class='container' ><div class='template-page content  av-content-full alpha units'><div class='post-entry post-entry-type-page post-entry-812'><div class='entry-content-wrapper clearfix'>\n<div  style='padding-bottom:10px; ' class='av-special-heading av-special-heading-h1    avia-builder-el-2  avia-builder-el-no-sibling  '><h1 class='av-special-heading-tag '  itemprop=\"headline\"  >Shufa &#8211; Calligrafia<\/h1><div class='special-heading-border'><div class='special-heading-inner-border' ><\/div><\/div><\/div>\n\n<\/div><\/div><\/div><!-- close content main div --><\/div><\/div><div id='av_section_2'  class='avia-section main_color avia-section-default avia-no-border-styling  avia-bg-style-scroll  avia-builder-el-3  el_after_av_section  avia-builder-el-last   container_wrap fullsize' style=' '  ><div class='container' ><div class='template-page content  av-content-full alpha units'><div class='post-entry post-entry-type-page post-entry-812'><div class='entry-content-wrapper clearfix'>\n<div class=\"flex_column av_two_third  flex_column_div av-zero-column-padding first  avia-builder-el-4  el_before_av_one_third  avia-builder-el-first  \" style='border-radius:0px; '><section class=\"av_textblock_section \"  itemscope=\"itemscope\" itemtype=\"https:\/\/schema.org\/CreativeWork\" ><div class='avia_textblock  '   itemprop=\"text\" ><p>La natura della lingua scritta \u00e8 in Cina un\u2019arte che, pur usando gli stessi mezzi, pennello ed inchiostro, ha fatto s\u00ec che gli stessi, con la scrittura dei caratteri, entrasse a pieno titolo nella storia della cultura cinese.<br \/>\nQuanto essa ha luogo integrato con la cultura delle discipline marziali sta nel fatto che l\u2019arte calligrafica era dote apprezzata a corte come dal popolo, dai saggi, come dagli eroi mitologici e ci\u00f2 \u00e8 ben descritto in un opera del pi\u00f9 grande calligrafo, fonte d\u2019ispirazione e modello di tutti i tempi Wang Xizhi (317-379 dc):<\/p>\n<blockquote>\n<p>\u201cil foglio di carta \u00e8 il campo di battaglia; il pennello: le lance e le spade; l\u2019inchiostro: la mente, il comandante in capo; l\u2019abilit\u00e0, la destrezza: i luogotenenti; la composizione; la strategia. Impugnando il pennello si decide il destino della battaglia: i colpi, i tratti sono gli ordini dei comandanti; le curve e i ritorni sono i colpi mortali\u201d.<\/p>\n<\/blockquote>\n<p>L\u2019arte calligrafica \u00e8 altres\u00ec uno strumento meditativo, che si integra nelle varie discipline, in quanto \u00e8 implicita la capacit\u00e0 di concentrazione, che grazie all\u2019uso simbolico dei tratti, stimola ed evolve nella straordinariet\u00e0 delle facolt\u00e0 immaginarie della mente. \u00c8 questa la ragione che fa della calligrafia una cultura artistica cos\u00ec estesa e profondamente radicata nel mondo.<br \/>\nLa scuola propone percorsi pratici semplificati per avvicinare ed appassionare anche i pi\u00f9 piccoli nel corso delle loro lezioni. In seguito, promuove percorsi di studio specifici, seguiti da insegnanti madre lingua.<\/p>\n<\/div><\/section><\/div><div class=\"flex_column av_one_third  flex_column_div av-zero-column-padding   avia-builder-el-6  el_after_av_two_third  avia-builder-el-last  \" style='border-radius:0px; '><div  class='avia-image-container  av-styling-    avia-builder-el-7  avia-builder-el-no-sibling  avia-align-center '  itemprop=\"image\" itemscope=\"itemscope\" itemtype=\"https:\/\/schema.org\/ImageObject\"  ><div class='avia-image-container-inner'><div class='avia-image-overlay-wrap'><img decoding=\"async\" class='wp-image-814 avia-img-lazy-loading-not-814 avia_image' src=\"https:\/\/iacma.com\/wp-content\/uploads\/2021\/02\/Calligrafia-2-504x1030.jpg\" alt='' title='Calligrafia 2' height=\"1030\" width=\"504\"  itemprop=\"thumbnailUrl\" srcset=\"https:\/\/iacma.com\/wp-content\/uploads\/2021\/02\/Calligrafia-2-504x1030.jpg 504w, https:\/\/iacma.com\/wp-content\/uploads\/2021\/02\/Calligrafia-2-147x300.jpg 147w, https:\/\/iacma.com\/wp-content\/uploads\/2021\/02\/Calligrafia-2-768x1570.jpg 768w, https:\/\/iacma.com\/wp-content\/uploads\/2021\/02\/Calligrafia-2-751x1536.jpg 751w, https:\/\/iacma.com\/wp-content\/uploads\/2021\/02\/Calligrafia-2-1002x2048.jpg 1002w, https:\/\/iacma.com\/wp-content\/uploads\/2021\/02\/Calligrafia-2-734x1500.jpg 734w, https:\/\/iacma.com\/wp-content\/uploads\/2021\/02\/Calligrafia-2-345x705.jpg 345w, https:\/\/iacma.com\/wp-content\/uploads\/2021\/02\/Calligrafia-2-scaled.jpg 1252w\" sizes=\"(max-width: 504px) 100vw, 504px\" \/><\/div><\/div><\/div><\/div>\n","protected":false},"excerpt":{"rendered":"","protected":false},"author":1,"featured_media":0,"parent":0,"menu_order":0,"comment_status":"closed","ping_status":"closed","template":"","meta":{"_monsterinsights_skip_tracking":false,"_monsterinsights_sitenote_active":false,"_monsterinsights_sitenote_note":"","_monsterinsights_sitenote_category":0,"footnotes":""},"class_list":["post-812","page","type-page","status-publish","hentry"],"yoast_head":"<!-- This site is optimized with the Yoast SEO plugin v27.3 - https:\/\/yoast.com\/product\/yoast-seo-wordpress\/ -->\n<title>shufa - Arti Marziali Cinesi in Ticino<\/title>\n<meta name=\"robots\" content=\"index, follow, max-snippet:-1, max-image-preview:large, max-video-preview:-1\" \/>\n<link rel=\"canonical\" href=\"https:\/\/iacma.com\/index.php\/shufa\/\" \/>\n<meta property=\"og:locale\" content=\"it_IT\" \/>\n<meta property=\"og:type\" content=\"article\" \/>\n<meta property=\"og:title\" content=\"shufa - Arti Marziali Cinesi in Ticino\" \/>\n<meta property=\"og:url\" content=\"https:\/\/iacma.com\/index.php\/shufa\/\" \/>\n<meta property=\"og:site_name\" content=\"Arti Marziali Cinesi in Ticino\" \/>\n<meta property=\"article:modified_time\" content=\"2021-02-02T16:02:59+00:00\" \/>\n<meta name=\"twitter:card\" content=\"summary_large_image\" \/>\n<meta name=\"twitter:label1\" content=\"Tempo di lettura stimato\" \/>\n\t<meta name=\"twitter:data1\" content=\"3 minuti\" \/>\n<script type=\"application\/ld+json\" class=\"yoast-schema-graph\">{\"@context\":\"https:\\\/\\\/schema.org\",\"@graph\":[{\"@type\":\"WebPage\",\"@id\":\"https:\\\/\\\/iacma.com\\\/index.php\\\/shufa\\\/\",\"url\":\"https:\\\/\\\/iacma.com\\\/index.php\\\/shufa\\\/\",\"name\":\"shufa - Arti Marziali Cinesi in Ticino\",\"isPartOf\":{\"@id\":\"https:\\\/\\\/iacma.com\\\/#website\"},\"datePublished\":\"2021-02-02T16:02:22+00:00\",\"dateModified\":\"2021-02-02T16:02:59+00:00\",\"breadcrumb\":{\"@id\":\"https:\\\/\\\/iacma.com\\\/index.php\\\/shufa\\\/#breadcrumb\"},\"inLanguage\":\"it-IT\",\"potentialAction\":[{\"@type\":\"ReadAction\",\"target\":[\"https:\\\/\\\/iacma.com\\\/index.php\\\/shufa\\\/\"]}]},{\"@type\":\"BreadcrumbList\",\"@id\":\"https:\\\/\\\/iacma.com\\\/index.php\\\/shufa\\\/#breadcrumb\",\"itemListElement\":[{\"@type\":\"ListItem\",\"position\":1,\"name\":\"Home\",\"item\":\"https:\\\/\\\/iacma.com\\\/\"},{\"@type\":\"ListItem\",\"position\":2,\"name\":\"shufa\"}]},{\"@type\":\"WebSite\",\"@id\":\"https:\\\/\\\/iacma.com\\\/#website\",\"url\":\"https:\\\/\\\/iacma.com\\\/\",\"name\":\"Arti Marziali Cinesi in Ticino\",\"description\":\"Arti Marziali Cinesi in Ticino\",\"potentialAction\":[{\"@type\":\"SearchAction\",\"target\":{\"@type\":\"EntryPoint\",\"urlTemplate\":\"https:\\\/\\\/iacma.com\\\/?s={search_term_string}\"},\"query-input\":{\"@type\":\"PropertyValueSpecification\",\"valueRequired\":true,\"valueName\":\"search_term_string\"}}],\"inLanguage\":\"it-IT\"}]}<\/script>\n<!-- \/ Yoast SEO plugin. -->","yoast_head_json":{"title":"shufa - Arti Marziali Cinesi in Ticino","robots":{"index":"index","follow":"follow","max-snippet":"max-snippet:-1","max-image-preview":"max-image-preview:large","max-video-preview":"max-video-preview:-1"},"canonical":"https:\/\/iacma.com\/index.php\/shufa\/","og_locale":"it_IT","og_type":"article","og_title":"shufa - Arti Marziali Cinesi in Ticino","og_url":"https:\/\/iacma.com\/index.php\/shufa\/","og_site_name":"Arti Marziali Cinesi in Ticino","article_modified_time":"2021-02-02T16:02:59+00:00","twitter_card":"summary_large_image","twitter_misc":{"Tempo di lettura stimato":"3 minuti"},"schema":{"@context":"https:\/\/schema.org","@graph":[{"@type":"WebPage","@id":"https:\/\/iacma.com\/index.php\/shufa\/","url":"https:\/\/iacma.com\/index.php\/shufa\/","name":"shufa - Arti Marziali Cinesi in Ticino","isPartOf":{"@id":"https:\/\/iacma.com\/#website"},"datePublished":"2021-02-02T16:02:22+00:00","dateModified":"2021-02-02T16:02:59+00:00","breadcrumb":{"@id":"https:\/\/iacma.com\/index.php\/shufa\/#breadcrumb"},"inLanguage":"it-IT","potentialAction":[{"@type":"ReadAction","target":["https:\/\/iacma.com\/index.php\/shufa\/"]}]},{"@type":"BreadcrumbList","@id":"https:\/\/iacma.com\/index.php\/shufa\/#breadcrumb","itemListElement":[{"@type":"ListItem","position":1,"name":"Home","item":"https:\/\/iacma.com\/"},{"@type":"ListItem","position":2,"name":"shufa"}]},{"@type":"WebSite","@id":"https:\/\/iacma.com\/#website","url":"https:\/\/iacma.com\/","name":"Arti Marziali Cinesi in Ticino","description":"Arti Marziali Cinesi in Ticino","potentialAction":[{"@type":"SearchAction","target":{"@type":"EntryPoint","urlTemplate":"https:\/\/iacma.com\/?s={search_term_string}"},"query-input":{"@type":"PropertyValueSpecification","valueRequired":true,"valueName":"search_term_string"}}],"inLanguage":"it-IT"}]}},"_links":{"self":[{"href":"https:\/\/iacma.com\/index.php\/wp-json\/wp\/v2\/pages\/812","targetHints":{"allow":["GET"]}}],"collection":[{"href":"https:\/\/iacma.com\/index.php\/wp-json\/wp\/v2\/pages"}],"about":[{"href":"https:\/\/iacma.com\/index.php\/wp-json\/wp\/v2\/types\/page"}],"author":[{"embeddable":true,"href":"https:\/\/iacma.com\/index.php\/wp-json\/wp\/v2\/users\/1"}],"replies":[{"embeddable":true,"href":"https:\/\/iacma.com\/index.php\/wp-json\/wp\/v2\/comments?post=812"}],"version-history":[{"count":2,"href":"https:\/\/iacma.com\/index.php\/wp-json\/wp\/v2\/pages\/812\/revisions"}],"predecessor-version":[{"id":816,"href":"https:\/\/iacma.com\/index.php\/wp-json\/wp\/v2\/pages\/812\/revisions\/816"}],"wp:attachment":[{"href":"https:\/\/iacma.com\/index.php\/wp-json\/wp\/v2\/media?parent=812"}],"curies":[{"name":"wp","href":"https:\/\/api.w.org\/{rel}","templated":true}]}}