{"id":836,"date":"2021-02-02T16:45:07","date_gmt":"2021-02-02T16:45:07","guid":{"rendered":"https:\/\/iacma.com\/?page_id=836"},"modified":"2021-02-02T16:52:10","modified_gmt":"2021-02-02T16:52:10","slug":"sede","status":"publish","type":"page","link":"https:\/\/iacma.com\/index.php\/sede\/","title":{"rendered":"sede"},"content":{"rendered":"<div id='full_slider_1'  class='avia-fullwidth-slider main_color avia-shadow   avia-builder-el-0  el_before_av_section  avia-builder-el-first   container_wrap fullsize' style=' '  ><div   data-size='featured'  data-lightbox_size='large'  data-animation='slide'  data-conditional_play=''  data-ids='577'  data-video_counter='0'  data-autoplay='false'  data-bg_slider='false'  data-slide_height=''  data-handle='av_slideshow_full'  data-interval='5'  data-class=' '  data-el_id=''  data-css_id=''  data-scroll_down=''  data-control_layout='av-control-default'  data-custom_markup=''  data-perma_caption=''  data-autoplay_stopper=''  data-image_attachment=''  data-min_height='0px'  data-lazy_loading='disabled'  data-src=''  data-position='top left'  data-repeat='no-repeat'  data-attach='scroll'  data-stretch=''  data-default-height='28.666666666667'  class='avia-slideshow avia-slideshow-1  av-control-default av-default-height-applied avia-slideshow-featured av_slideshow_full   avia-slide-slider '  itemprop=\"image\" itemscope=\"itemscope\" itemtype=\"https:\/\/schema.org\/ImageObject\" ><ul class='avia-slideshow-inner ' style='padding-bottom: 28.666666666667%;' ><li  class=' av-single-slide slide-1 ' ><div data-rel='slideshow-1' class='avia-slide-wrap '   ><img decoding=\"async\" class=\"wp-image-577 avia-img-lazy-loading-not-577\"  src=\"https:\/\/iacma.com\/wp-content\/uploads\/2021\/01\/bambini-corso-1500x430.jpg\" width=\"1500\" height=\"430\" title='bambini corso' alt=''  itemprop=\"thumbnailUrl\"   \/><\/div><\/li><\/ul><\/div><\/div>\n<div id='av_section_1'  class='avia-section main_color avia-section-default avia-no-border-styling  avia-bg-style-scroll  avia-builder-el-1  el_after_av_slideshow_full  el_before_av_section   container_wrap fullsize' style=' '  ><div class='container' ><div class='template-page content  av-content-full alpha units'><div class='post-entry post-entry-type-page post-entry-836'><div class='entry-content-wrapper clearfix'>\n<div  style='padding-bottom:10px; ' class='av-special-heading av-special-heading-h1  blockquote modern-quote modern-centered  avia-builder-el-2  avia-builder-el-no-sibling  '><h1 class='av-special-heading-tag '  itemprop=\"headline\"  >La sede dell\u2019Accademia IACMA a Lugano<\/h1><div class='special-heading-border'><div class='special-heading-inner-border' ><\/div><\/div><\/div>\n\n<\/div><\/div><\/div><!-- close content main div --><\/div><\/div><div id='av_section_2'  class='avia-section main_color avia-section-default avia-no-border-styling  avia-bg-style-scroll  avia-builder-el-3  el_after_av_section  el_before_av_section   container_wrap fullsize' style=' '  ><div class='container' ><div class='template-page content  av-content-full alpha units'><div class='post-entry post-entry-type-page post-entry-836'><div class='entry-content-wrapper clearfix'>\n<div class=\"flex_column av_two_third  flex_column_div av-zero-column-padding first  avia-builder-el-4  el_before_av_one_third  avia-builder-el-first  \" style='border-radius:0px; '><section class=\"av_textblock_section \"  itemscope=\"itemscope\" itemtype=\"https:\/\/schema.org\/CreativeWork\" ><div class='avia_textblock  '   itemprop=\"text\" ><p>La sede della IACMA \u00e8 situata nella zona sportiva della citt\u00e0 di Lugano, nel Cantone Ticino della Svizzera Italiana. Quest&#8217;area, denominata \u201cResega\u201d, in riferimento al palaghiaccio omonimo e lo stadio comunale di calcio costituisce il centro sportivo della citt\u00e0. Si tratta di un luogo facilmente raggiungibile sia con i mezzi pubblici cittadini che con quelli privati e ci\u00f2 \u00e8 dovuto all\u2019apertura della nuova Galleria \u201cVedeggio\/Cassarate\u201d, che permette di raggiungere in autostrada, all\u2019uscita \u201cNord\u201d appunto la zona Resega.<br \/>\nNell\u2019area sono disposti vari parcheggi, la maggior parte a pagamento; con parchimetro sono collocati a lati dello stadio di calcio, per una massima spesa di CHF 2.- per 4 ore. Altri, di fronte all\u2019entrata principale del Palaghiaccio, sempre a tariffa oraria e negli stessi anche con la tariffa \u201cpark and ride\u201d disposti anche nel parcheggio \u201cCornaredo\u201d dello stadio, o difronte al \u201cCinestar\u201d cinema multisala, presso il quale sono anche presenti parcheggi per disabili gratuiti.<\/p>\n<p>Al secondo piano della palazzina dove ha sede l\u2019accademia IACMA, si trovano due ampie sale: una di 140 mq ed una di 160 mq. Entrambe le sale sono attrezzate con pavimento antishock ad ammortamento, pareti di specchi per una superfice di 12 m, sbarre a muro per tutto il restante perimetro e impianto stereo per la diffusione della musica durante le lezioni. Una delle due sale \u00e8 ampiamente dedicata alle arti marziali e gli sport da combattimento, sacchi, colpitori, attrezzi per il condizionamento, armi tradizionali per le arti marziali cinesi e con inoltre la possibilit\u00e0 di montaggio rapido di un ring regolare, da gara, di 6 x 6 m.<\/p>\n<\/div><\/section><\/div><div class=\"flex_column av_one_third  flex_column_div av-zero-column-padding   avia-builder-el-6  el_after_av_two_third  avia-builder-el-last  \" style='border-radius:0px; '><div  class='avia-image-container  av-styling-    avia-builder-el-7  avia-builder-el-no-sibling  avia-align-center '  itemprop=\"image\" itemscope=\"itemscope\" itemtype=\"https:\/\/schema.org\/ImageObject\"  ><div class='avia-image-container-inner'><div class='avia-image-overlay-wrap'><img decoding=\"async\" class='wp-image-837 avia-img-lazy-loading-not-837 avia_image' src=\"https:\/\/iacma.com\/wp-content\/uploads\/2021\/02\/sede-2.jpg\" alt='' title='sede 2' height=\"700\" width=\"500\"  itemprop=\"thumbnailUrl\" srcset=\"https:\/\/iacma.com\/wp-content\/uploads\/2021\/02\/sede-2.jpg 500w, https:\/\/iacma.com\/wp-content\/uploads\/2021\/02\/sede-2-214x300.jpg 214w\" sizes=\"(max-width: 500px) 100vw, 500px\" \/><\/div><\/div><\/div><\/div><\/div><\/div><\/div><!-- close content main div --><\/div><\/div><div id='av_section_3'  class='avia-section main_color avia-section-huge avia-no-border-styling  avia-full-stretch avia-bg-style-fixed  avia-builder-el-8  el_after_av_section  el_before_av_section   container_wrap fullsize' style='background-repeat: no-repeat; background-image: url(https:\/\/iacma.com\/wp-content\/uploads\/2021\/02\/Seminario-Lugano.jpg);background-attachment: fixed; background-position: top left;  '  data-section-bg-repeat='stretch'><div class='container' ><div class='template-page content  av-content-full alpha units'><div class='post-entry post-entry-type-page post-entry-836'><div class='entry-content-wrapper clearfix'><\/p>\n<\/div><\/div><\/div><!-- close content main div --><\/div><\/div><div id='av_section_4'  class='avia-section main_color avia-section-default avia-no-border-styling  avia-bg-style-scroll  avia-builder-el-9  el_after_av_section  avia-builder-el-last   container_wrap fullsize' style=' '  ><div class='container' ><div class='template-page content  av-content-full alpha units'><div class='post-entry post-entry-type-page post-entry-836'><div class='entry-content-wrapper clearfix'>\n<div class=\"flex_column av_one_full  flex_column_div av-zero-column-padding first  avia-builder-el-10  avia-builder-el-no-sibling  \" style='border-radius:0px; '><section class=\"av_textblock_section \"  itemscope=\"itemscope\" itemtype=\"https:\/\/schema.org\/CreativeWork\" ><div class='avia_textblock  '   itemprop=\"text\" ><p>La sala pi\u00f9 grande \u00e8 invece una superfice libera, all&#8217;occorrenza suddivisibile in due spazi. Quest&#8217;ultima sala \u00e8 ideale per diaporami, seminari, congressi e conferenze. In tutte e due le sale \u00e8 possibile usufruire di materassine leggere per il lavoro singolo al suolo, oppure un tatami (tipo Judo) di 8 m x 8 m. Su richiesta \u00e8 inoltre possibile attrezzare le superfici con impianti professionali di musica e luci per le differenti esigenze e proiettori per conferenze. Il Centro \u00e8 stato trattato per il riequilibrio delle energie e l&#8217;igiene ambientale con l&#8217;applicazione di sistemi &#8220;Ojas&#8221;. La scuola \u00e8 aperta tutto l&#8217;anno e consente a chi lo desidera di programmare week-end di formazione, corsi periodici, o annuali. Il centro \u00e8 dal 1990 un punto di riferimento specifico per le discipline Orientali, in prevalenza cinesi, ma \u00e8 anche il punto di contatto e di referenza per i maggiori terapisti. La filosofia che contraddistingue il Centro I.A.C.M.A. \u00e8 l&#8217;armonia con la quale nei corsi si educa alla crescita individuale. La possibilit\u00e0 di partecipare ad una seduta di pratica gratuita, in qualunque dei corsi presenti nel Centro, offre un&#8217;ulteriore garanzia di chiarezza, seriet\u00e0\u00a0e professionalit\u00e0.<br \/>\nL\u2019accademia IACMA \u00e8, per principio, una porta d\u2019ingresso spalancata allo studente, quindi la sede appropriata per chiunque desideri avvicinarsi alle discipline cinesi con seriet\u00e0 e determinazione.<\/p>\n<\/div><\/section><\/div>\n","protected":false},"excerpt":{"rendered":"","protected":false},"author":1,"featured_media":0,"parent":0,"menu_order":0,"comment_status":"closed","ping_status":"closed","template":"","meta":{"_monsterinsights_skip_tracking":false,"_monsterinsights_sitenote_active":false,"_monsterinsights_sitenote_note":"","_monsterinsights_sitenote_category":0,"footnotes":""},"class_list":["post-836","page","type-page","status-publish","hentry"],"yoast_head":"<!-- This site is optimized with the Yoast SEO plugin v27.3 - https:\/\/yoast.com\/product\/yoast-seo-wordpress\/ -->\n<title>sede - Arti Marziali Cinesi in Ticino<\/title>\n<meta name=\"robots\" content=\"index, follow, max-snippet:-1, max-image-preview:large, max-video-preview:-1\" \/>\n<link rel=\"canonical\" href=\"https:\/\/iacma.com\/index.php\/sede\/\" \/>\n<meta property=\"og:locale\" content=\"it_IT\" \/>\n<meta property=\"og:type\" content=\"article\" \/>\n<meta property=\"og:title\" content=\"sede - Arti Marziali Cinesi in Ticino\" \/>\n<meta property=\"og:url\" content=\"https:\/\/iacma.com\/index.php\/sede\/\" \/>\n<meta property=\"og:site_name\" content=\"Arti Marziali Cinesi in Ticino\" \/>\n<meta property=\"article:modified_time\" content=\"2021-02-02T16:52:10+00:00\" \/>\n<meta name=\"twitter:card\" content=\"summary_large_image\" \/>\n<meta name=\"twitter:label1\" content=\"Tempo di lettura stimato\" \/>\n\t<meta name=\"twitter:data1\" content=\"4 minuti\" \/>\n<script type=\"application\/ld+json\" class=\"yoast-schema-graph\">{\"@context\":\"https:\\\/\\\/schema.org\",\"@graph\":[{\"@type\":\"WebPage\",\"@id\":\"https:\\\/\\\/iacma.com\\\/index.php\\\/sede\\\/\",\"url\":\"https:\\\/\\\/iacma.com\\\/index.php\\\/sede\\\/\",\"name\":\"sede - Arti Marziali Cinesi in Ticino\",\"isPartOf\":{\"@id\":\"https:\\\/\\\/iacma.com\\\/#website\"},\"datePublished\":\"2021-02-02T16:45:07+00:00\",\"dateModified\":\"2021-02-02T16:52:10+00:00\",\"breadcrumb\":{\"@id\":\"https:\\\/\\\/iacma.com\\\/index.php\\\/sede\\\/#breadcrumb\"},\"inLanguage\":\"it-IT\",\"potentialAction\":[{\"@type\":\"ReadAction\",\"target\":[\"https:\\\/\\\/iacma.com\\\/index.php\\\/sede\\\/\"]}]},{\"@type\":\"BreadcrumbList\",\"@id\":\"https:\\\/\\\/iacma.com\\\/index.php\\\/sede\\\/#breadcrumb\",\"itemListElement\":[{\"@type\":\"ListItem\",\"position\":1,\"name\":\"Home\",\"item\":\"https:\\\/\\\/iacma.com\\\/\"},{\"@type\":\"ListItem\",\"position\":2,\"name\":\"sede\"}]},{\"@type\":\"WebSite\",\"@id\":\"https:\\\/\\\/iacma.com\\\/#website\",\"url\":\"https:\\\/\\\/iacma.com\\\/\",\"name\":\"Arti Marziali Cinesi in Ticino\",\"description\":\"Arti Marziali Cinesi in Ticino\",\"potentialAction\":[{\"@type\":\"SearchAction\",\"target\":{\"@type\":\"EntryPoint\",\"urlTemplate\":\"https:\\\/\\\/iacma.com\\\/?s={search_term_string}\"},\"query-input\":{\"@type\":\"PropertyValueSpecification\",\"valueRequired\":true,\"valueName\":\"search_term_string\"}}],\"inLanguage\":\"it-IT\"}]}<\/script>\n<!-- \/ Yoast SEO plugin. -->","yoast_head_json":{"title":"sede - Arti Marziali Cinesi in Ticino","robots":{"index":"index","follow":"follow","max-snippet":"max-snippet:-1","max-image-preview":"max-image-preview:large","max-video-preview":"max-video-preview:-1"},"canonical":"https:\/\/iacma.com\/index.php\/sede\/","og_locale":"it_IT","og_type":"article","og_title":"sede - Arti Marziali Cinesi in Ticino","og_url":"https:\/\/iacma.com\/index.php\/sede\/","og_site_name":"Arti Marziali Cinesi in Ticino","article_modified_time":"2021-02-02T16:52:10+00:00","twitter_card":"summary_large_image","twitter_misc":{"Tempo di lettura stimato":"4 minuti"},"schema":{"@context":"https:\/\/schema.org","@graph":[{"@type":"WebPage","@id":"https:\/\/iacma.com\/index.php\/sede\/","url":"https:\/\/iacma.com\/index.php\/sede\/","name":"sede - Arti Marziali Cinesi in Ticino","isPartOf":{"@id":"https:\/\/iacma.com\/#website"},"datePublished":"2021-02-02T16:45:07+00:00","dateModified":"2021-02-02T16:52:10+00:00","breadcrumb":{"@id":"https:\/\/iacma.com\/index.php\/sede\/#breadcrumb"},"inLanguage":"it-IT","potentialAction":[{"@type":"ReadAction","target":["https:\/\/iacma.com\/index.php\/sede\/"]}]},{"@type":"BreadcrumbList","@id":"https:\/\/iacma.com\/index.php\/sede\/#breadcrumb","itemListElement":[{"@type":"ListItem","position":1,"name":"Home","item":"https:\/\/iacma.com\/"},{"@type":"ListItem","position":2,"name":"sede"}]},{"@type":"WebSite","@id":"https:\/\/iacma.com\/#website","url":"https:\/\/iacma.com\/","name":"Arti Marziali Cinesi in Ticino","description":"Arti Marziali Cinesi in Ticino","potentialAction":[{"@type":"SearchAction","target":{"@type":"EntryPoint","urlTemplate":"https:\/\/iacma.com\/?s={search_term_string}"},"query-input":{"@type":"PropertyValueSpecification","valueRequired":true,"valueName":"search_term_string"}}],"inLanguage":"it-IT"}]}},"_links":{"self":[{"href":"https:\/\/iacma.com\/index.php\/wp-json\/wp\/v2\/pages\/836","targetHints":{"allow":["GET"]}}],"collection":[{"href":"https:\/\/iacma.com\/index.php\/wp-json\/wp\/v2\/pages"}],"about":[{"href":"https:\/\/iacma.com\/index.php\/wp-json\/wp\/v2\/types\/page"}],"author":[{"embeddable":true,"href":"https:\/\/iacma.com\/index.php\/wp-json\/wp\/v2\/users\/1"}],"replies":[{"embeddable":true,"href":"https:\/\/iacma.com\/index.php\/wp-json\/wp\/v2\/comments?post=836"}],"version-history":[{"count":4,"href":"https:\/\/iacma.com\/index.php\/wp-json\/wp\/v2\/pages\/836\/revisions"}],"predecessor-version":[{"id":845,"href":"https:\/\/iacma.com\/index.php\/wp-json\/wp\/v2\/pages\/836\/revisions\/845"}],"wp:attachment":[{"href":"https:\/\/iacma.com\/index.php\/wp-json\/wp\/v2\/media?parent=836"}],"curies":[{"name":"wp","href":"https:\/\/api.w.org\/{rel}","templated":true}]}}