{"id":874,"date":"2021-02-09T17:18:45","date_gmt":"2021-02-09T17:18:45","guid":{"rendered":"https:\/\/iacma.com\/?page_id=874"},"modified":"2021-02-09T17:18:46","modified_gmt":"2021-02-09T17:18:46","slug":"iacma","status":"publish","type":"page","link":"https:\/\/iacma.com\/index.php\/iacma\/","title":{"rendered":"IACMA"},"content":{"rendered":"<div id='full_slider_1'  class='avia-fullwidth-slider main_color avia-shadow   avia-builder-el-0  el_before_av_section  avia-builder-el-first   container_wrap fullsize' style=' '  ><div   data-size='featured'  data-lightbox_size='large'  data-animation='slide'  data-conditional_play=''  data-ids='875'  data-video_counter='0'  data-autoplay='false'  data-bg_slider='false'  data-slide_height=''  data-handle='av_slideshow_full'  data-interval='5'  data-class=' '  data-el_id=''  data-css_id=''  data-scroll_down=''  data-control_layout='av-control-default'  data-custom_markup=''  data-perma_caption=''  data-autoplay_stopper=''  data-image_attachment=''  data-min_height='0px'  data-lazy_loading='disabled'  data-src=''  data-position='top left'  data-repeat='no-repeat'  data-attach='scroll'  data-stretch=''  data-default-height='28.666666666667'  class='avia-slideshow avia-slideshow-1  av-control-default av-default-height-applied avia-slideshow-featured av_slideshow_full   avia-slide-slider '  itemprop=\"image\" itemscope=\"itemscope\" itemtype=\"https:\/\/schema.org\/ImageObject\" ><ul class='avia-slideshow-inner ' style='padding-bottom: 28.2%;' ><li  class=' av-single-slide slide-1 ' ><div data-rel='slideshow-1' class='avia-slide-wrap '   ><img decoding=\"async\" class=\"wp-image-875 avia-img-lazy-loading-not-875\"  src=\"https:\/\/iacma.com\/wp-content\/uploads\/2021\/02\/Gruppo-ragazzi-Cina.jpg\" width=\"1500\" height=\"423\" title='Gruppo ragazzi Cina' alt=''  itemprop=\"thumbnailUrl\" srcset=\"https:\/\/iacma.com\/wp-content\/uploads\/2021\/02\/Gruppo-ragazzi-Cina.jpg 1500w, https:\/\/iacma.com\/wp-content\/uploads\/2021\/02\/Gruppo-ragazzi-Cina-300x85.jpg 300w, https:\/\/iacma.com\/wp-content\/uploads\/2021\/02\/Gruppo-ragazzi-Cina-1030x290.jpg 1030w, https:\/\/iacma.com\/wp-content\/uploads\/2021\/02\/Gruppo-ragazzi-Cina-768x217.jpg 768w, https:\/\/iacma.com\/wp-content\/uploads\/2021\/02\/Gruppo-ragazzi-Cina-705x199.jpg 705w\" sizes=\"(max-width: 1500px) 100vw, 1500px\" \/><\/div><\/li><\/ul><\/div><\/div>\n<div id='av_section_1'  class='avia-section main_color avia-section-default avia-no-border-styling  avia-bg-style-scroll  avia-builder-el-1  el_after_av_slideshow_full  el_before_av_section   container_wrap fullsize' style=' '  ><div class='container' ><div class='template-page content  av-content-full alpha units'><div class='post-entry post-entry-type-page post-entry-874'><div class='entry-content-wrapper clearfix'>\n<div  style='padding-bottom:10px; ' class='av-special-heading av-special-heading-h1  blockquote modern-quote modern-centered  avia-builder-el-2  avia-builder-el-no-sibling  '><h1 class='av-special-heading-tag '  itemprop=\"headline\"  >IACMA: l\u2019Associazione<\/h1><div class='special-heading-border'><div class='special-heading-inner-border' ><\/div><\/div><\/div>\n<\/div><\/div><\/div><!-- close content main div --><\/div><\/div><div id='av_section_2'  class='avia-section main_color avia-section-default avia-no-border-styling  avia-bg-style-scroll  avia-builder-el-3  el_after_av_section  avia-builder-el-last   container_wrap fullsize' style=' '  ><div class='container' ><div class='template-page content  av-content-full alpha units'><div class='post-entry post-entry-type-page post-entry-874'><div class='entry-content-wrapper clearfix'>\n<div class=\"flex_column av_two_third  flex_column_div av-zero-column-padding first  avia-builder-el-4  el_before_av_one_third  avia-builder-el-first  \" style='border-radius:0px; '><section class=\"av_textblock_section \"  itemscope=\"itemscope\" itemtype=\"https:\/\/schema.org\/CreativeWork\" ><div class='avia_textblock  '   itemprop=\"text\" ><p>L&#8217;associazione IACMA, acronimo di \u201cInternational Academy of Chinese Martial Arts\u201d, si \u00e8 costituita ed insediata in Lugano (Canton Ticino Svizzero) nel 1986. Agli esordi l&#8217;attivit\u00e0 principale dell\u2019associazione \u00e8 stata quella di promuovere corsi di arti marziali cinesi, di serio lignaggio e cultura, sino ad allora inesistenti sul territorio.<\/p>\n<p>La guida tecnica affidata al Maestro Isidoro Li Pira, di origini italiane, con comprovate esperienze riconosciute internazionalmente, ha permesso alla scuola di crescere e sviluppare le molte realt\u00e0 ad oggi presenti nel territorio.<\/p>\n<p>La professionalit\u00e0 e la dedizione con le quali il M\u00b0 Li Pira e gli studenti della scuola IACMA si sono adoperati negli anni, hanno permesso di accrescere e sviluppare un forte interesse verso le discipline orientali.<\/p>\n<p>Ci\u00f2 ha permesso di estendere, oltre ai corsi dedicati alle varie discipline, anche a stages di vari livelli, supportati da personaggi di spicco nel settore; conferenze sui vari contesti; seminari in ambiti scolastici, professionali e culturali; manifestazioni e competizioni.<\/p>\n<p>Attivit\u00e0 che hanno conferito all&#8217;associazione I.A.C.M.A. un ruolo \u201cleader\u201d nel settore. In conseguenza a questo processo la scuola \u00e8 divenuta, nel tempo, punto di riferimento per la formazione di insegnanti qualificati nel settore delle arti marziali e delle discipline affini, cos\u00ec che oggi la IACMA \u00e8 una realt\u00e0 che si estende senza confine.<\/p>\n<\/div><\/section><\/div><div class=\"flex_column av_one_third  flex_column_div av-zero-column-padding   avia-builder-el-6  el_after_av_two_third  avia-builder-el-last  \" style='border-radius:0px; '><div  class='avia-image-container  av-styling-    avia-builder-el-7  avia-builder-el-no-sibling  avia-align-center '  itemprop=\"image\" itemscope=\"itemscope\" itemtype=\"https:\/\/schema.org\/ImageObject\"  ><div class='avia-image-container-inner'><div class='avia-image-overlay-wrap'><img decoding=\"async\" class='wp-image-521 avia-img-lazy-loading-not-521 avia_image' src=\"https:\/\/iacma.com\/wp-content\/uploads\/2021\/01\/logo_iacma_nerorosso-1030x1030.jpg\" alt='' title='logo_iacma_nerorosso' height=\"1030\" width=\"1030\"  itemprop=\"thumbnailUrl\" srcset=\"https:\/\/iacma.com\/wp-content\/uploads\/2021\/01\/logo_iacma_nerorosso-1030x1030.jpg 1030w, https:\/\/iacma.com\/wp-content\/uploads\/2021\/01\/logo_iacma_nerorosso-300x300.jpg 300w, https:\/\/iacma.com\/wp-content\/uploads\/2021\/01\/logo_iacma_nerorosso-80x80.jpg 80w, https:\/\/iacma.com\/wp-content\/uploads\/2021\/01\/logo_iacma_nerorosso-768x768.jpg 768w, https:\/\/iacma.com\/wp-content\/uploads\/2021\/01\/logo_iacma_nerorosso-1536x1536.jpg 1536w, https:\/\/iacma.com\/wp-content\/uploads\/2021\/01\/logo_iacma_nerorosso-36x36.jpg 36w, https:\/\/iacma.com\/wp-content\/uploads\/2021\/01\/logo_iacma_nerorosso-180x180.jpg 180w, https:\/\/iacma.com\/wp-content\/uploads\/2021\/01\/logo_iacma_nerorosso-1500x1500.jpg 1500w, https:\/\/iacma.com\/wp-content\/uploads\/2021\/01\/logo_iacma_nerorosso-705x705.jpg 705w, https:\/\/iacma.com\/wp-content\/uploads\/2021\/01\/logo_iacma_nerorosso.jpg 2000w\" sizes=\"(max-width: 1030px) 100vw, 1030px\" \/><\/div><\/div><\/div><\/div><\/p>\n","protected":false},"excerpt":{"rendered":"","protected":false},"author":1,"featured_media":0,"parent":0,"menu_order":0,"comment_status":"closed","ping_status":"closed","template":"","meta":{"_monsterinsights_skip_tracking":false,"_monsterinsights_sitenote_active":false,"_monsterinsights_sitenote_note":"","_monsterinsights_sitenote_category":0,"footnotes":""},"class_list":["post-874","page","type-page","status-publish","hentry"],"yoast_head":"<!-- This site is optimized with the Yoast SEO plugin v27.3 - https:\/\/yoast.com\/product\/yoast-seo-wordpress\/ -->\n<title>IACMA - Arti Marziali Cinesi in Ticino<\/title>\n<meta name=\"robots\" content=\"index, follow, max-snippet:-1, max-image-preview:large, max-video-preview:-1\" \/>\n<link rel=\"canonical\" href=\"https:\/\/iacma.com\/index.php\/iacma\/\" \/>\n<meta property=\"og:locale\" content=\"it_IT\" \/>\n<meta property=\"og:type\" content=\"article\" \/>\n<meta property=\"og:title\" content=\"IACMA - Arti Marziali Cinesi in Ticino\" \/>\n<meta property=\"og:url\" content=\"https:\/\/iacma.com\/index.php\/iacma\/\" \/>\n<meta property=\"og:site_name\" content=\"Arti Marziali Cinesi in Ticino\" \/>\n<meta property=\"article:modified_time\" content=\"2021-02-09T17:18:46+00:00\" \/>\n<meta name=\"twitter:card\" content=\"summary_large_image\" \/>\n<meta name=\"twitter:label1\" content=\"Tempo di lettura stimato\" \/>\n\t<meta name=\"twitter:data1\" content=\"3 minuti\" \/>\n<script type=\"application\/ld+json\" class=\"yoast-schema-graph\">{\"@context\":\"https:\\\/\\\/schema.org\",\"@graph\":[{\"@type\":\"WebPage\",\"@id\":\"https:\\\/\\\/iacma.com\\\/index.php\\\/iacma\\\/\",\"url\":\"https:\\\/\\\/iacma.com\\\/index.php\\\/iacma\\\/\",\"name\":\"IACMA - Arti Marziali Cinesi in Ticino\",\"isPartOf\":{\"@id\":\"https:\\\/\\\/iacma.com\\\/#website\"},\"datePublished\":\"2021-02-09T17:18:45+00:00\",\"dateModified\":\"2021-02-09T17:18:46+00:00\",\"breadcrumb\":{\"@id\":\"https:\\\/\\\/iacma.com\\\/index.php\\\/iacma\\\/#breadcrumb\"},\"inLanguage\":\"it-IT\",\"potentialAction\":[{\"@type\":\"ReadAction\",\"target\":[\"https:\\\/\\\/iacma.com\\\/index.php\\\/iacma\\\/\"]}]},{\"@type\":\"BreadcrumbList\",\"@id\":\"https:\\\/\\\/iacma.com\\\/index.php\\\/iacma\\\/#breadcrumb\",\"itemListElement\":[{\"@type\":\"ListItem\",\"position\":1,\"name\":\"Home\",\"item\":\"https:\\\/\\\/iacma.com\\\/\"},{\"@type\":\"ListItem\",\"position\":2,\"name\":\"IACMA\"}]},{\"@type\":\"WebSite\",\"@id\":\"https:\\\/\\\/iacma.com\\\/#website\",\"url\":\"https:\\\/\\\/iacma.com\\\/\",\"name\":\"Arti Marziali Cinesi in Ticino\",\"description\":\"Arti Marziali Cinesi in Ticino\",\"potentialAction\":[{\"@type\":\"SearchAction\",\"target\":{\"@type\":\"EntryPoint\",\"urlTemplate\":\"https:\\\/\\\/iacma.com\\\/?s={search_term_string}\"},\"query-input\":{\"@type\":\"PropertyValueSpecification\",\"valueRequired\":true,\"valueName\":\"search_term_string\"}}],\"inLanguage\":\"it-IT\"}]}<\/script>\n<!-- \/ Yoast SEO plugin. -->","yoast_head_json":{"title":"IACMA - Arti Marziali Cinesi in Ticino","robots":{"index":"index","follow":"follow","max-snippet":"max-snippet:-1","max-image-preview":"max-image-preview:large","max-video-preview":"max-video-preview:-1"},"canonical":"https:\/\/iacma.com\/index.php\/iacma\/","og_locale":"it_IT","og_type":"article","og_title":"IACMA - Arti Marziali Cinesi in Ticino","og_url":"https:\/\/iacma.com\/index.php\/iacma\/","og_site_name":"Arti Marziali Cinesi in Ticino","article_modified_time":"2021-02-09T17:18:46+00:00","twitter_card":"summary_large_image","twitter_misc":{"Tempo di lettura stimato":"3 minuti"},"schema":{"@context":"https:\/\/schema.org","@graph":[{"@type":"WebPage","@id":"https:\/\/iacma.com\/index.php\/iacma\/","url":"https:\/\/iacma.com\/index.php\/iacma\/","name":"IACMA - Arti Marziali Cinesi in Ticino","isPartOf":{"@id":"https:\/\/iacma.com\/#website"},"datePublished":"2021-02-09T17:18:45+00:00","dateModified":"2021-02-09T17:18:46+00:00","breadcrumb":{"@id":"https:\/\/iacma.com\/index.php\/iacma\/#breadcrumb"},"inLanguage":"it-IT","potentialAction":[{"@type":"ReadAction","target":["https:\/\/iacma.com\/index.php\/iacma\/"]}]},{"@type":"BreadcrumbList","@id":"https:\/\/iacma.com\/index.php\/iacma\/#breadcrumb","itemListElement":[{"@type":"ListItem","position":1,"name":"Home","item":"https:\/\/iacma.com\/"},{"@type":"ListItem","position":2,"name":"IACMA"}]},{"@type":"WebSite","@id":"https:\/\/iacma.com\/#website","url":"https:\/\/iacma.com\/","name":"Arti Marziali Cinesi in Ticino","description":"Arti Marziali Cinesi in Ticino","potentialAction":[{"@type":"SearchAction","target":{"@type":"EntryPoint","urlTemplate":"https:\/\/iacma.com\/?s={search_term_string}"},"query-input":{"@type":"PropertyValueSpecification","valueRequired":true,"valueName":"search_term_string"}}],"inLanguage":"it-IT"}]}},"_links":{"self":[{"href":"https:\/\/iacma.com\/index.php\/wp-json\/wp\/v2\/pages\/874","targetHints":{"allow":["GET"]}}],"collection":[{"href":"https:\/\/iacma.com\/index.php\/wp-json\/wp\/v2\/pages"}],"about":[{"href":"https:\/\/iacma.com\/index.php\/wp-json\/wp\/v2\/types\/page"}],"author":[{"embeddable":true,"href":"https:\/\/iacma.com\/index.php\/wp-json\/wp\/v2\/users\/1"}],"replies":[{"embeddable":true,"href":"https:\/\/iacma.com\/index.php\/wp-json\/wp\/v2\/comments?post=874"}],"version-history":[{"count":2,"href":"https:\/\/iacma.com\/index.php\/wp-json\/wp\/v2\/pages\/874\/revisions"}],"predecessor-version":[{"id":898,"href":"https:\/\/iacma.com\/index.php\/wp-json\/wp\/v2\/pages\/874\/revisions\/898"}],"wp:attachment":[{"href":"https:\/\/iacma.com\/index.php\/wp-json\/wp\/v2\/media?parent=874"}],"curies":[{"name":"wp","href":"https:\/\/api.w.org\/{rel}","templated":true}]}}